{"id":3072,"date":"2024-09-23T16:45:17","date_gmt":"2024-09-23T14:45:17","guid":{"rendered":"https:\/\/www.wifivmhd.cz\/o-nas\/"},"modified":"2025-04-01T08:37:23","modified_gmt":"2025-04-01T06:37:23","slug":"o-nas","status":"publish","type":"page","link":"https:\/\/www.wifivmhd.cz\/sk\/o-nas\/","title":{"rendered":"O n\u00e1s"},"content":{"rendered":"\n<p>MOBILBOARD poskytuje internet do vozidiel verejnej dopravy. Zais\u0165ujeme pripojenie Wi-Fi prostredn\u00edctvom priemyseln\u00fdch smerova\u010dov a prev\u00e1dzkujeme reklamn\u00fa sie\u0165 <a href=\"https:\/\/www.wifivmhd.cz\/sk\/wifi-v-doprave\/#parametry\">Wi-Fi<\/a>, ktor\u00e1 pom\u00e1ha dopravcom sta\u0165 sa digit\u00e1lne nez\u00e1visl\u00fdmi. Od roku 2013 zastupujeme viacer\u00fdch dopravcov v m\u00e9di\u00e1ch a sme v\u00fdhradn\u00fdm partnerom pre priemyseln\u00e9 aplik\u00e1cie. Pre\u010d\u00edtajte si n\u00e1\u0161 pr\u00edbeh, \u010do rob\u00edme a kam smeruj\u00fa na\u0161e cesty.<\/p>\n","protected":false},"excerpt":{"rendered":"<p>MOBILBOARD poskytuje internet do vozidiel verejnej dopravy. Zais\u0165ujeme pripojenie Wi-Fi prostredn\u00edctvom priemyseln\u00fdch smerova\u010dov a prev\u00e1dzkujeme reklamn\u00fa sie\u0165 Wi-Fi, ktor\u00e1 pom\u00e1ha dopravcom sta\u0165 sa digit\u00e1lne nez\u00e1visl\u00fdmi. Od roku 2013 zastupujeme viacer\u00fdch dopravcov v m\u00e9di\u00e1ch a sme v\u00fdhradn\u00fdm partnerom pre priemyseln\u00e9 aplik\u00e1cie. Pre\u010d\u00edtajte si n\u00e1\u0161 pr\u00edbeh, \u010do rob\u00edme a kam smeruj\u00fa na\u0161e cesty.<\/p>\n","protected":false},"author":1,"featured_media":3140,"parent":0,"menu_order":0,"comment_status":"closed","ping_status":"closed","template":"template-flexible-content.php","meta":{"_acf_changed":false,"footnotes":""},"class_list":["post-3072","page","type-page","status-publish","has-post-thumbnail","hentry"],"acf":[],"yoast_head":"<!-- This site is optimized with the Yoast SEO plugin v27.3 - https:\/\/yoast.com\/product\/yoast-seo-wordpress\/ -->\n<title>O n\u00e1s - Wi-Fi v MHD<\/title>\n<meta name=\"description\" content=\"MOBILBOARD je dod\u00e1vate\u013eom reklamy a internetov\u00fdch rie\u0161en\u00ed pre vozidl\u00e1 verejnej dopravy. Prev\u00e1dzkujeme aj reklamn\u00e9 siete Wi-Fi.\" \/>\n<meta name=\"robots\" content=\"index, follow, max-snippet:-1, max-image-preview:large, max-video-preview:-1\" \/>\n<link rel=\"canonical\" href=\"https:\/\/www.wifivmhd.cz\/sk\/o-nas\/\" \/>\n<meta property=\"og:locale\" content=\"sk_SK\" \/>\n<meta property=\"og:type\" content=\"article\" \/>\n<meta property=\"og:title\" content=\"O n\u00e1s - Wi-Fi v MHD\" \/>\n<meta property=\"og:description\" content=\"MOBILBOARD je dod\u00e1vate\u013eom reklamy a internetov\u00fdch rie\u0161en\u00ed pre vozidl\u00e1 verejnej dopravy. Prev\u00e1dzkujeme aj reklamn\u00e9 siete Wi-Fi.\" \/>\n<meta property=\"og:url\" content=\"https:\/\/www.wifivmhd.cz\/sk\/o-nas\/\" \/>\n<meta property=\"og:site_name\" content=\"Wi-Fi v MHD\" \/>\n<meta property=\"article:modified_time\" content=\"2025-04-01T06:37:23+00:00\" \/>\n<meta property=\"og:image\" content=\"https:\/\/www.wifivmhd.cz\/wp-content\/uploads\/2024\/11\/BUS-SHOW-TOUR_-polygon-VM_6.jpg\" \/>\n\t<meta property=\"og:image:width\" content=\"800\" \/>\n\t<meta property=\"og:image:height\" content=\"509\" \/>\n\t<meta property=\"og:image:type\" content=\"image\/jpeg\" \/>\n<meta name=\"twitter:card\" content=\"summary_large_image\" \/>\n<meta name=\"twitter:label1\" content=\"Predpokladan\u00fd \u010das \u010d\u00edtania\" \/>\n\t<meta name=\"twitter:data1\" content=\"1 min\u00fata\" \/>\n<script type=\"application\/ld+json\" class=\"yoast-schema-graph\">{\"@context\":\"https:\\\/\\\/schema.org\",\"@graph\":[{\"@type\":\"WebPage\",\"@id\":\"https:\\\/\\\/www.wifivmhd.cz\\\/sk\\\/o-nas\\\/\",\"url\":\"https:\\\/\\\/www.wifivmhd.cz\\\/sk\\\/o-nas\\\/\",\"name\":\"O n\u00e1s - Wi-Fi v MHD\",\"isPartOf\":{\"@id\":\"https:\\\/\\\/www.wifivmhd.cz\\\/#website\"},\"primaryImageOfPage\":{\"@id\":\"https:\\\/\\\/www.wifivmhd.cz\\\/sk\\\/o-nas\\\/#primaryimage\"},\"image\":{\"@id\":\"https:\\\/\\\/www.wifivmhd.cz\\\/sk\\\/o-nas\\\/#primaryimage\"},\"thumbnailUrl\":\"https:\\\/\\\/www.wifivmhd.cz\\\/wp-content\\\/uploads\\\/2024\\\/11\\\/BUS-SHOW-TOUR_-polygon-VM_6.jpg\",\"datePublished\":\"2024-09-23T14:45:17+00:00\",\"dateModified\":\"2025-04-01T06:37:23+00:00\",\"description\":\"MOBILBOARD je dod\u00e1vate\u013eom reklamy a internetov\u00fdch rie\u0161en\u00ed pre vozidl\u00e1 verejnej dopravy. Prev\u00e1dzkujeme aj reklamn\u00e9 siete Wi-Fi.\",\"breadcrumb\":{\"@id\":\"https:\\\/\\\/www.wifivmhd.cz\\\/sk\\\/o-nas\\\/#breadcrumb\"},\"inLanguage\":\"sk-SK\",\"potentialAction\":[{\"@type\":\"ReadAction\",\"target\":[\"https:\\\/\\\/www.wifivmhd.cz\\\/sk\\\/o-nas\\\/\"]}]},{\"@type\":\"ImageObject\",\"inLanguage\":\"sk-SK\",\"@id\":\"https:\\\/\\\/www.wifivmhd.cz\\\/sk\\\/o-nas\\\/#primaryimage\",\"url\":\"https:\\\/\\\/www.wifivmhd.cz\\\/wp-content\\\/uploads\\\/2024\\\/11\\\/BUS-SHOW-TOUR_-polygon-VM_6.jpg\",\"contentUrl\":\"https:\\\/\\\/www.wifivmhd.cz\\\/wp-content\\\/uploads\\\/2024\\\/11\\\/BUS-SHOW-TOUR_-polygon-VM_6.jpg\",\"width\":800,\"height\":509},{\"@type\":\"BreadcrumbList\",\"@id\":\"https:\\\/\\\/www.wifivmhd.cz\\\/sk\\\/o-nas\\\/#breadcrumb\",\"itemListElement\":[{\"@type\":\"ListItem\",\"position\":1,\"name\":\"Dom\u016f\",\"item\":\"https:\\\/\\\/www.wifivmhd.cz\\\/sk\\\/\"},{\"@type\":\"ListItem\",\"position\":2,\"name\":\"O n\u00e1s\"}]},{\"@type\":\"WebSite\",\"@id\":\"https:\\\/\\\/www.wifivmhd.cz\\\/#website\",\"url\":\"https:\\\/\\\/www.wifivmhd.cz\\\/\",\"name\":\"Wi-Fi v MHD\",\"description\":\"\",\"potentialAction\":[{\"@type\":\"SearchAction\",\"target\":{\"@type\":\"EntryPoint\",\"urlTemplate\":\"https:\\\/\\\/www.wifivmhd.cz\\\/?s={search_term_string}\"},\"query-input\":{\"@type\":\"PropertyValueSpecification\",\"valueRequired\":true,\"valueName\":\"search_term_string\"}}],\"inLanguage\":\"sk-SK\"}]}<\/script>\n<!-- \/ Yoast SEO plugin. -->","yoast_head_json":{"title":"O n\u00e1s - Wi-Fi v MHD","description":"MOBILBOARD je dod\u00e1vate\u013eom reklamy a internetov\u00fdch rie\u0161en\u00ed pre vozidl\u00e1 verejnej dopravy. Prev\u00e1dzkujeme aj reklamn\u00e9 siete Wi-Fi.","robots":{"index":"index","follow":"follow","max-snippet":"max-snippet:-1","max-image-preview":"max-image-preview:large","max-video-preview":"max-video-preview:-1"},"canonical":"https:\/\/www.wifivmhd.cz\/sk\/o-nas\/","og_locale":"sk_SK","og_type":"article","og_title":"O n\u00e1s - Wi-Fi v MHD","og_description":"MOBILBOARD je dod\u00e1vate\u013eom reklamy a internetov\u00fdch rie\u0161en\u00ed pre vozidl\u00e1 verejnej dopravy. Prev\u00e1dzkujeme aj reklamn\u00e9 siete Wi-Fi.","og_url":"https:\/\/www.wifivmhd.cz\/sk\/o-nas\/","og_site_name":"Wi-Fi v MHD","article_modified_time":"2025-04-01T06:37:23+00:00","og_image":[{"width":800,"height":509,"url":"https:\/\/www.wifivmhd.cz\/wp-content\/uploads\/2024\/11\/BUS-SHOW-TOUR_-polygon-VM_6.jpg","type":"image\/jpeg"}],"twitter_card":"summary_large_image","twitter_misc":{"Predpokladan\u00fd \u010das \u010d\u00edtania":"1 min\u00fata"},"schema":{"@context":"https:\/\/schema.org","@graph":[{"@type":"WebPage","@id":"https:\/\/www.wifivmhd.cz\/sk\/o-nas\/","url":"https:\/\/www.wifivmhd.cz\/sk\/o-nas\/","name":"O n\u00e1s - Wi-Fi v MHD","isPartOf":{"@id":"https:\/\/www.wifivmhd.cz\/#website"},"primaryImageOfPage":{"@id":"https:\/\/www.wifivmhd.cz\/sk\/o-nas\/#primaryimage"},"image":{"@id":"https:\/\/www.wifivmhd.cz\/sk\/o-nas\/#primaryimage"},"thumbnailUrl":"https:\/\/www.wifivmhd.cz\/wp-content\/uploads\/2024\/11\/BUS-SHOW-TOUR_-polygon-VM_6.jpg","datePublished":"2024-09-23T14:45:17+00:00","dateModified":"2025-04-01T06:37:23+00:00","description":"MOBILBOARD je dod\u00e1vate\u013eom reklamy a internetov\u00fdch rie\u0161en\u00ed pre vozidl\u00e1 verejnej dopravy. Prev\u00e1dzkujeme aj reklamn\u00e9 siete Wi-Fi.","breadcrumb":{"@id":"https:\/\/www.wifivmhd.cz\/sk\/o-nas\/#breadcrumb"},"inLanguage":"sk-SK","potentialAction":[{"@type":"ReadAction","target":["https:\/\/www.wifivmhd.cz\/sk\/o-nas\/"]}]},{"@type":"ImageObject","inLanguage":"sk-SK","@id":"https:\/\/www.wifivmhd.cz\/sk\/o-nas\/#primaryimage","url":"https:\/\/www.wifivmhd.cz\/wp-content\/uploads\/2024\/11\/BUS-SHOW-TOUR_-polygon-VM_6.jpg","contentUrl":"https:\/\/www.wifivmhd.cz\/wp-content\/uploads\/2024\/11\/BUS-SHOW-TOUR_-polygon-VM_6.jpg","width":800,"height":509},{"@type":"BreadcrumbList","@id":"https:\/\/www.wifivmhd.cz\/sk\/o-nas\/#breadcrumb","itemListElement":[{"@type":"ListItem","position":1,"name":"Dom\u016f","item":"https:\/\/www.wifivmhd.cz\/sk\/"},{"@type":"ListItem","position":2,"name":"O n\u00e1s"}]},{"@type":"WebSite","@id":"https:\/\/www.wifivmhd.cz\/#website","url":"https:\/\/www.wifivmhd.cz\/","name":"Wi-Fi v MHD","description":"","potentialAction":[{"@type":"SearchAction","target":{"@type":"EntryPoint","urlTemplate":"https:\/\/www.wifivmhd.cz\/?s={search_term_string}"},"query-input":{"@type":"PropertyValueSpecification","valueRequired":true,"valueName":"search_term_string"}}],"inLanguage":"sk-SK"}]}},"_links":{"self":[{"href":"https:\/\/www.wifivmhd.cz\/sk\/wp-json\/wp\/v2\/pages\/3072","targetHints":{"allow":["GET"]}}],"collection":[{"href":"https:\/\/www.wifivmhd.cz\/sk\/wp-json\/wp\/v2\/pages"}],"about":[{"href":"https:\/\/www.wifivmhd.cz\/sk\/wp-json\/wp\/v2\/types\/page"}],"author":[{"embeddable":true,"href":"https:\/\/www.wifivmhd.cz\/sk\/wp-json\/wp\/v2\/users\/1"}],"replies":[{"embeddable":true,"href":"https:\/\/www.wifivmhd.cz\/sk\/wp-json\/wp\/v2\/comments?post=3072"}],"version-history":[{"count":7,"href":"https:\/\/www.wifivmhd.cz\/sk\/wp-json\/wp\/v2\/pages\/3072\/revisions"}],"predecessor-version":[{"id":3604,"href":"https:\/\/www.wifivmhd.cz\/sk\/wp-json\/wp\/v2\/pages\/3072\/revisions\/3604"}],"wp:featuredmedia":[{"embeddable":true,"href":"https:\/\/www.wifivmhd.cz\/sk\/wp-json\/wp\/v2\/media\/3140"}],"wp:attachment":[{"href":"https:\/\/www.wifivmhd.cz\/sk\/wp-json\/wp\/v2\/media?parent=3072"}],"curies":[{"name":"wp","href":"https:\/\/api.w.org\/{rel}","templated":true}]}}