{"id":3116,"date":"2024-09-25T20:20:36","date_gmt":"2024-09-25T18:20:36","guid":{"rendered":"https:\/\/www.wifivmhd.cz\/hardware\/"},"modified":"2025-03-21T14:44:19","modified_gmt":"2025-03-21T13:44:19","slug":"hardware","status":"publish","type":"page","link":"https:\/\/www.wifivmhd.cz\/sk\/hardware\/","title":{"rendered":"Hardware"},"content":{"rendered":"\n<p>Pon\u00fakame profesion\u00e1lne, odoln\u00e9 priemyseln\u00e9 Wi-Fi routery od spolo\u010dnosti MOBILBOARD s certifik\u00e1ciou pre verejn\u00fa dopravu, ktor\u00e9 pokr\u00fdvaj\u00fa aktu\u00e1lne trendy a potreby v doprave. Zapojenie na\u0161ich routerov je jednoduch\u00e9 a intuit\u00edvne, ich spr\u00e1va e\u0161te jednoduch\u0161ia. Routery umo\u017e\u0148uj\u00fa individu\u00e1lne nastavenie a konfigur\u00e1ciu hardv\u00e9ru priamo pod\u013ea va\u0161ich potrieb. Takto budete ma\u0165 ka\u017ed\u00fd de\u0148 preh\u013ead o funk\u010dnosti svojho zariadenia.<\/p>\n\n\n\n<p>Pom\u00f4\u017eeme v\u00e1m vybra\u0165 najvhodnej\u0161ie umiestnenie smerova\u010da vo va\u0161om vozidle a mo\u017enosti nap\u00e1jania. In\u0161tal\u00e1ciu vykon\u00e1vaj\u00fa vy\u0161kolen\u00ed elektrotechnick\u00ed pracovn\u00edci dopravcu s na\u0161ou asistenciou a doh\u013eadom. Zariadenie uvedieme do prev\u00e1dzky a na mieste otestujeme funk\u010dnos\u0165 internetov\u00e9ho pripojenia. Na sprev\u00e1dzkovanie budete potrebova\u0165 neblokovan\u00fa d\u00e1tov\u00fa SIM kartu s dostato\u010dn\u00fdm d\u00e1tov\u00fdm limitom.<\/p>\n\n\n\n<p>Wi-Fi router m\u00f4\u017eete pou\u017e\u00edva\u0165 na vzdialen\u00fa spr\u00e1vu LCD obrazoviek alebo in\u00fdch zariaden\u00ed vo vozidl\u00e1ch. V online re\u017eime m\u00f4\u017eete flexibilne a na dia\u013eku meni\u0165 ich obsah a konfigur\u00e1ciu kedyko\u013evek potrebujete a bez osobnej \u00fa\u010dasti.<\/p>\n\n\n\n<p>Chcete jednoducho a r\u00fdchlo vyrie\u0161i\u0165 pripojenie vo svojom vozidle? Vysk\u00fa\u0161ajte mobiln\u00fd Wi-Fi router. Toto zariadenie r\u00fdchlo vyrie\u0161i v\u00e1\u0161 internet a ve\u013emi \u013eahko sa in\u0161taluje.<\/p>\n","protected":false},"excerpt":{"rendered":"<p>Pon\u00fakame profesion\u00e1lne, odoln\u00e9 priemyseln\u00e9 Wi-Fi routery od spolo\u010dnosti MOBILBOARD s certifik\u00e1ciou pre verejn\u00fa dopravu, ktor\u00e9 pokr\u00fdvaj\u00fa aktu\u00e1lne trendy a potreby v doprave. Zapojenie na\u0161ich routerov je jednoduch\u00e9 a intuit\u00edvne, ich spr\u00e1va e\u0161te jednoduch\u0161ia. Routery umo\u017e\u0148uj\u00fa individu\u00e1lne nastavenie a konfigur\u00e1ciu hardv\u00e9ru priamo pod\u013ea va\u0161ich potrieb. Takto budete ma\u0165 ka\u017ed\u00fd de\u0148 preh\u013ead o funk\u010dnosti svojho zariadenia. Pom\u00f4\u017eeme [&hellip;]<\/p>\n","protected":false},"author":1,"featured_media":3149,"parent":0,"menu_order":0,"comment_status":"closed","ping_status":"closed","template":"template-hardware.php","meta":{"_acf_changed":false,"footnotes":""},"class_list":["post-3116","page","type-page","status-publish","has-post-thumbnail","hentry"],"acf":[],"yoast_head":"<!-- This site is optimized with the Yoast SEO plugin v27.3 - https:\/\/yoast.com\/product\/yoast-seo-wordpress\/ -->\n<title>Hardware - Wi-Fi v MHD<\/title>\n<meta name=\"description\" content=\"Na\u0161e Wi-Fi routery pon\u00fakaj\u00fa dopravcom u\u017eito\u010dn\u00e9 funkcie. V\u010faka individu\u00e1lnemu nastaveniu, HW priamo na mieru a pod\u013ea va\u0161ich potrieb.\" \/>\n<meta name=\"robots\" content=\"index, follow, max-snippet:-1, max-image-preview:large, max-video-preview:-1\" \/>\n<link rel=\"canonical\" href=\"https:\/\/www.wifivmhd.cz\/sk\/hardware\/\" \/>\n<meta property=\"og:locale\" content=\"sk_SK\" \/>\n<meta property=\"og:type\" content=\"article\" \/>\n<meta property=\"og:title\" content=\"Hardware - Wi-Fi v MHD\" \/>\n<meta property=\"og:description\" content=\"Na\u0161e Wi-Fi routery pon\u00fakaj\u00fa dopravcom u\u017eito\u010dn\u00e9 funkcie. V\u010faka individu\u00e1lnemu nastaveniu, HW priamo na mieru a pod\u013ea va\u0161ich potrieb.\" \/>\n<meta property=\"og:url\" content=\"https:\/\/www.wifivmhd.cz\/sk\/hardware\/\" \/>\n<meta property=\"og:site_name\" content=\"Wi-Fi v MHD\" \/>\n<meta property=\"article:modified_time\" content=\"2025-03-21T13:44:19+00:00\" \/>\n<meta property=\"og:image\" content=\"https:\/\/www.wifivmhd.cz\/wp-content\/uploads\/2024\/10\/sarka_02_MG_8459-scaled-e1729258934812.jpg\" \/>\n\t<meta property=\"og:image:width\" content=\"750\" \/>\n\t<meta property=\"og:image:height\" content=\"500\" \/>\n\t<meta property=\"og:image:type\" content=\"image\/jpeg\" \/>\n<meta name=\"twitter:card\" content=\"summary_large_image\" \/>\n<meta name=\"twitter:label1\" content=\"Predpokladan\u00fd \u010das \u010d\u00edtania\" \/>\n\t<meta name=\"twitter:data1\" content=\"2 min\u00faty\" \/>\n<script type=\"application\/ld+json\" class=\"yoast-schema-graph\">{\"@context\":\"https:\\\/\\\/schema.org\",\"@graph\":[{\"@type\":\"WebPage\",\"@id\":\"https:\\\/\\\/www.wifivmhd.cz\\\/sk\\\/hardware\\\/\",\"url\":\"https:\\\/\\\/www.wifivmhd.cz\\\/sk\\\/hardware\\\/\",\"name\":\"Hardware - Wi-Fi v MHD\",\"isPartOf\":{\"@id\":\"https:\\\/\\\/www.wifivmhd.cz\\\/#website\"},\"primaryImageOfPage\":{\"@id\":\"https:\\\/\\\/www.wifivmhd.cz\\\/sk\\\/hardware\\\/#primaryimage\"},\"image\":{\"@id\":\"https:\\\/\\\/www.wifivmhd.cz\\\/sk\\\/hardware\\\/#primaryimage\"},\"thumbnailUrl\":\"https:\\\/\\\/www.wifivmhd.cz\\\/wp-content\\\/uploads\\\/2024\\\/10\\\/sarka_02_MG_8459-scaled-e1729258934812.jpg\",\"datePublished\":\"2024-09-25T18:20:36+00:00\",\"dateModified\":\"2025-03-21T13:44:19+00:00\",\"description\":\"Na\u0161e Wi-Fi routery pon\u00fakaj\u00fa dopravcom u\u017eito\u010dn\u00e9 funkcie. V\u010faka individu\u00e1lnemu nastaveniu, HW priamo na mieru a pod\u013ea va\u0161ich potrieb.\",\"breadcrumb\":{\"@id\":\"https:\\\/\\\/www.wifivmhd.cz\\\/sk\\\/hardware\\\/#breadcrumb\"},\"inLanguage\":\"sk-SK\",\"potentialAction\":[{\"@type\":\"ReadAction\",\"target\":[\"https:\\\/\\\/www.wifivmhd.cz\\\/sk\\\/hardware\\\/\"]}]},{\"@type\":\"ImageObject\",\"inLanguage\":\"sk-SK\",\"@id\":\"https:\\\/\\\/www.wifivmhd.cz\\\/sk\\\/hardware\\\/#primaryimage\",\"url\":\"https:\\\/\\\/www.wifivmhd.cz\\\/wp-content\\\/uploads\\\/2024\\\/10\\\/sarka_02_MG_8459-scaled-e1729258934812.jpg\",\"contentUrl\":\"https:\\\/\\\/www.wifivmhd.cz\\\/wp-content\\\/uploads\\\/2024\\\/10\\\/sarka_02_MG_8459-scaled-e1729258934812.jpg\",\"width\":750,\"height\":500},{\"@type\":\"BreadcrumbList\",\"@id\":\"https:\\\/\\\/www.wifivmhd.cz\\\/sk\\\/hardware\\\/#breadcrumb\",\"itemListElement\":[{\"@type\":\"ListItem\",\"position\":1,\"name\":\"Dom\u016f\",\"item\":\"https:\\\/\\\/www.wifivmhd.cz\\\/sk\\\/\"},{\"@type\":\"ListItem\",\"position\":2,\"name\":\"Hardware\"}]},{\"@type\":\"WebSite\",\"@id\":\"https:\\\/\\\/www.wifivmhd.cz\\\/#website\",\"url\":\"https:\\\/\\\/www.wifivmhd.cz\\\/\",\"name\":\"Wi-Fi v MHD\",\"description\":\"\",\"potentialAction\":[{\"@type\":\"SearchAction\",\"target\":{\"@type\":\"EntryPoint\",\"urlTemplate\":\"https:\\\/\\\/www.wifivmhd.cz\\\/?s={search_term_string}\"},\"query-input\":{\"@type\":\"PropertyValueSpecification\",\"valueRequired\":true,\"valueName\":\"search_term_string\"}}],\"inLanguage\":\"sk-SK\"}]}<\/script>\n<!-- \/ Yoast SEO plugin. -->","yoast_head_json":{"title":"Hardware - Wi-Fi v MHD","description":"Na\u0161e Wi-Fi routery pon\u00fakaj\u00fa dopravcom u\u017eito\u010dn\u00e9 funkcie. V\u010faka individu\u00e1lnemu nastaveniu, HW priamo na mieru a pod\u013ea va\u0161ich potrieb.","robots":{"index":"index","follow":"follow","max-snippet":"max-snippet:-1","max-image-preview":"max-image-preview:large","max-video-preview":"max-video-preview:-1"},"canonical":"https:\/\/www.wifivmhd.cz\/sk\/hardware\/","og_locale":"sk_SK","og_type":"article","og_title":"Hardware - Wi-Fi v MHD","og_description":"Na\u0161e Wi-Fi routery pon\u00fakaj\u00fa dopravcom u\u017eito\u010dn\u00e9 funkcie. V\u010faka individu\u00e1lnemu nastaveniu, HW priamo na mieru a pod\u013ea va\u0161ich potrieb.","og_url":"https:\/\/www.wifivmhd.cz\/sk\/hardware\/","og_site_name":"Wi-Fi v MHD","article_modified_time":"2025-03-21T13:44:19+00:00","og_image":[{"width":750,"height":500,"url":"https:\/\/www.wifivmhd.cz\/wp-content\/uploads\/2024\/10\/sarka_02_MG_8459-scaled-e1729258934812.jpg","type":"image\/jpeg"}],"twitter_card":"summary_large_image","twitter_misc":{"Predpokladan\u00fd \u010das \u010d\u00edtania":"2 min\u00faty"},"schema":{"@context":"https:\/\/schema.org","@graph":[{"@type":"WebPage","@id":"https:\/\/www.wifivmhd.cz\/sk\/hardware\/","url":"https:\/\/www.wifivmhd.cz\/sk\/hardware\/","name":"Hardware - Wi-Fi v MHD","isPartOf":{"@id":"https:\/\/www.wifivmhd.cz\/#website"},"primaryImageOfPage":{"@id":"https:\/\/www.wifivmhd.cz\/sk\/hardware\/#primaryimage"},"image":{"@id":"https:\/\/www.wifivmhd.cz\/sk\/hardware\/#primaryimage"},"thumbnailUrl":"https:\/\/www.wifivmhd.cz\/wp-content\/uploads\/2024\/10\/sarka_02_MG_8459-scaled-e1729258934812.jpg","datePublished":"2024-09-25T18:20:36+00:00","dateModified":"2025-03-21T13:44:19+00:00","description":"Na\u0161e Wi-Fi routery pon\u00fakaj\u00fa dopravcom u\u017eito\u010dn\u00e9 funkcie. V\u010faka individu\u00e1lnemu nastaveniu, HW priamo na mieru a pod\u013ea va\u0161ich potrieb.","breadcrumb":{"@id":"https:\/\/www.wifivmhd.cz\/sk\/hardware\/#breadcrumb"},"inLanguage":"sk-SK","potentialAction":[{"@type":"ReadAction","target":["https:\/\/www.wifivmhd.cz\/sk\/hardware\/"]}]},{"@type":"ImageObject","inLanguage":"sk-SK","@id":"https:\/\/www.wifivmhd.cz\/sk\/hardware\/#primaryimage","url":"https:\/\/www.wifivmhd.cz\/wp-content\/uploads\/2024\/10\/sarka_02_MG_8459-scaled-e1729258934812.jpg","contentUrl":"https:\/\/www.wifivmhd.cz\/wp-content\/uploads\/2024\/10\/sarka_02_MG_8459-scaled-e1729258934812.jpg","width":750,"height":500},{"@type":"BreadcrumbList","@id":"https:\/\/www.wifivmhd.cz\/sk\/hardware\/#breadcrumb","itemListElement":[{"@type":"ListItem","position":1,"name":"Dom\u016f","item":"https:\/\/www.wifivmhd.cz\/sk\/"},{"@type":"ListItem","position":2,"name":"Hardware"}]},{"@type":"WebSite","@id":"https:\/\/www.wifivmhd.cz\/#website","url":"https:\/\/www.wifivmhd.cz\/","name":"Wi-Fi v MHD","description":"","potentialAction":[{"@type":"SearchAction","target":{"@type":"EntryPoint","urlTemplate":"https:\/\/www.wifivmhd.cz\/?s={search_term_string}"},"query-input":{"@type":"PropertyValueSpecification","valueRequired":true,"valueName":"search_term_string"}}],"inLanguage":"sk-SK"}]}},"_links":{"self":[{"href":"https:\/\/www.wifivmhd.cz\/sk\/wp-json\/wp\/v2\/pages\/3116","targetHints":{"allow":["GET"]}}],"collection":[{"href":"https:\/\/www.wifivmhd.cz\/sk\/wp-json\/wp\/v2\/pages"}],"about":[{"href":"https:\/\/www.wifivmhd.cz\/sk\/wp-json\/wp\/v2\/types\/page"}],"author":[{"embeddable":true,"href":"https:\/\/www.wifivmhd.cz\/sk\/wp-json\/wp\/v2\/users\/1"}],"replies":[{"embeddable":true,"href":"https:\/\/www.wifivmhd.cz\/sk\/wp-json\/wp\/v2\/comments?post=3116"}],"version-history":[{"count":6,"href":"https:\/\/www.wifivmhd.cz\/sk\/wp-json\/wp\/v2\/pages\/3116\/revisions"}],"predecessor-version":[{"id":3231,"href":"https:\/\/www.wifivmhd.cz\/sk\/wp-json\/wp\/v2\/pages\/3116\/revisions\/3231"}],"wp:featuredmedia":[{"embeddable":true,"href":"https:\/\/www.wifivmhd.cz\/sk\/wp-json\/wp\/v2\/media\/3149"}],"wp:attachment":[{"href":"https:\/\/www.wifivmhd.cz\/sk\/wp-json\/wp\/v2\/media?parent=3116"}],"curies":[{"name":"wp","href":"https:\/\/api.w.org\/{rel}","templated":true}]}}