{"id":3236,"date":"2024-09-24T15:31:30","date_gmt":"2024-09-24T13:31:30","guid":{"rendered":"https:\/\/www.wifivmhd.cz\/wifi-v-doprave\/"},"modified":"2025-05-05T13:28:12","modified_gmt":"2025-05-05T11:28:12","slug":"wifi-v-doprave","status":"publish","type":"page","link":"https:\/\/www.wifivmhd.cz\/sk\/wifi-v-doprave\/","title":{"rendered":"Wi-Fi v doprave"},"content":{"rendered":"\n<p>MOBILBOARD Wi-Fi routery s\u00fa v\u00fdkonn\u00e9 priemyseln\u00e9 zariadenia pre verejn\u00fa dopravu. Disponuj\u00fa online doh\u013eadom, maj\u00fa prev\u00e1dzkov\u00e9 referencie a certifik\u00e1cie pre vozidl\u00e1 verejnej dopravy. Pre ka\u017ed\u00fd druh dopravy sa po\u017eiadavky na funkcionalitu l\u00ed\u0161ia. Zatia\u013e \u010do vo vozidle MHD je d\u00f4le\u017eit\u00e9, aby sa za kr\u00e1tku dobu cestovania pripojilo komfortne \u010do najviac cestuj\u00facich naraz, v dia\u013ekovom z\u00e1jazdovom autobuse je d\u00f4le\u017eit\u00e9 prep\u00ednanie sign\u00e1lu v r\u00f4znych \u0161t\u00e1toch. Tieto parametre dok\u00e1\u017eeme rozl\u00ed\u0161i\u0165 a zoh\u013eadni\u0165 pri konfigur\u00e1cii zariadenia.<\/p>\n\n\n\n<p>Routery umo\u017enuj\u00fa vo vozidle sie\u0165ov\u00fa konektivitu aj s in\u00fdmi zariadeniami na palube. U LCD obrazoviek umo\u017e\u0148uj\u00fa aktualiz\u00e1ciu obrazov\u00fdch d\u00e1t, prepojen\u00edm s palubn\u00fdm zariaden\u00edm pre zmenu prenos inform\u00e1ci\u00ed z miestenkov\u00e9ho syst\u00e9mu. Svoje zariadenia tak m\u00f4\u017eete vzdialene spravova\u0165 a monitorova\u0165, ma\u0165 ich kompletne pod kontrolou av digit\u00e1lnom re\u017eime ako potrebujete.<\/p>\n\n\n\n<p>Na\u0161e slu\u017eby teda okrem routerov na zabezpe\u010denie internetu vo vozidl\u00e1ch zah\u0155\u0148aj\u00fa aj slu\u017eby ako vzdialen\u00fa spr\u00e1vu, in\u0161tal\u00e1ciu a servis. Na mieru priprav\u00edme cenov\u00fa ponuku pod\u013ea skladby slu\u017eieb, ktor\u00e9 k HW odoberiete.<\/p>\n","protected":false},"excerpt":{"rendered":"<p>MOBILBOARD Wi-Fi routery s\u00fa v\u00fdkonn\u00e9 priemyseln\u00e9 zariadenia pre verejn\u00fa dopravu. Disponuj\u00fa online doh\u013eadom, maj\u00fa prev\u00e1dzkov\u00e9 referencie a certifik\u00e1cie pre vozidl\u00e1 verejnej dopravy. Pre ka\u017ed\u00fd druh dopravy sa po\u017eiadavky na funkcionalitu l\u00ed\u0161ia. Zatia\u013e \u010do vo vozidle MHD je d\u00f4le\u017eit\u00e9, aby sa za kr\u00e1tku dobu cestovania pripojilo komfortne \u010do najviac cestuj\u00facich naraz, v dia\u013ekovom z\u00e1jazdovom autobuse je [&hellip;]<\/p>\n","protected":false},"author":1,"featured_media":3060,"parent":0,"menu_order":0,"comment_status":"closed","ping_status":"closed","template":"template-flexible-content.php","meta":{"_acf_changed":false,"footnotes":""},"class_list":["post-3236","page","type-page","status-publish","has-post-thumbnail","hentry"],"acf":[],"yoast_head":"<!-- This site is optimized with the Yoast SEO plugin v27.3 - https:\/\/yoast.com\/product\/yoast-seo-wordpress\/ -->\n<title>Wi-Fi v doprave - Wi-Fi v MHD<\/title>\n<meta name=\"description\" content=\"Na\u0161e slu\u017eby zah\u0155\u0148aj\u00fa \u0161pi\u010dkov\u00e9 routery pre verejn\u00fa dopravu, ale aj vzdialen\u00fa spr\u00e1vu, in\u0161tal\u00e1ciu a servis. V\u0161etko na mieru pod\u013ea potreby.\" \/>\n<meta name=\"robots\" content=\"index, follow, max-snippet:-1, max-image-preview:large, max-video-preview:-1\" \/>\n<link rel=\"canonical\" href=\"https:\/\/www.wifivmhd.cz\/sk\/wifi-v-doprave\/\" \/>\n<meta property=\"og:locale\" content=\"sk_SK\" \/>\n<meta property=\"og:type\" content=\"article\" \/>\n<meta property=\"og:title\" content=\"Wi-Fi v doprave - Wi-Fi v MHD\" \/>\n<meta property=\"og:description\" content=\"Na\u0161e slu\u017eby zah\u0155\u0148aj\u00fa \u0161pi\u010dkov\u00e9 routery pre verejn\u00fa dopravu, ale aj vzdialen\u00fa spr\u00e1vu, in\u0161tal\u00e1ciu a servis. V\u0161etko na mieru pod\u013ea potreby.\" \/>\n<meta property=\"og:url\" content=\"https:\/\/www.wifivmhd.cz\/sk\/wifi-v-doprave\/\" \/>\n<meta property=\"og:site_name\" content=\"Wi-Fi v MHD\" \/>\n<meta property=\"article:modified_time\" content=\"2025-05-05T11:28:12+00:00\" \/>\n<meta property=\"og:image\" content=\"https:\/\/www.wifivmhd.cz\/wp-content\/uploads\/2025\/03\/Wi-Fi-pro-dopravu-slider2-1.jpg\" \/>\n\t<meta property=\"og:image:width\" content=\"1920\" \/>\n\t<meta property=\"og:image:height\" content=\"720\" \/>\n\t<meta property=\"og:image:type\" content=\"image\/jpeg\" \/>\n<meta name=\"twitter:card\" content=\"summary_large_image\" \/>\n<meta name=\"twitter:label1\" content=\"Predpokladan\u00fd \u010das \u010d\u00edtania\" \/>\n\t<meta name=\"twitter:data1\" content=\"2 min\u00faty\" \/>\n<script type=\"application\/ld+json\" class=\"yoast-schema-graph\">{\"@context\":\"https:\\\/\\\/schema.org\",\"@graph\":[{\"@type\":\"WebPage\",\"@id\":\"https:\\\/\\\/www.wifivmhd.cz\\\/sk\\\/wifi-v-doprave\\\/\",\"url\":\"https:\\\/\\\/www.wifivmhd.cz\\\/sk\\\/wifi-v-doprave\\\/\",\"name\":\"Wi-Fi v doprave - Wi-Fi v MHD\",\"isPartOf\":{\"@id\":\"https:\\\/\\\/www.wifivmhd.cz\\\/#website\"},\"primaryImageOfPage\":{\"@id\":\"https:\\\/\\\/www.wifivmhd.cz\\\/sk\\\/wifi-v-doprave\\\/#primaryimage\"},\"image\":{\"@id\":\"https:\\\/\\\/www.wifivmhd.cz\\\/sk\\\/wifi-v-doprave\\\/#primaryimage\"},\"thumbnailUrl\":\"https:\\\/\\\/www.wifivmhd.cz\\\/wp-content\\\/uploads\\\/2025\\\/03\\\/Wi-Fi-pro-dopravu-slider2-1.jpg\",\"datePublished\":\"2024-09-24T13:31:30+00:00\",\"dateModified\":\"2025-05-05T11:28:12+00:00\",\"description\":\"Na\u0161e slu\u017eby zah\u0155\u0148aj\u00fa \u0161pi\u010dkov\u00e9 routery pre verejn\u00fa dopravu, ale aj vzdialen\u00fa spr\u00e1vu, in\u0161tal\u00e1ciu a servis. V\u0161etko na mieru pod\u013ea potreby.\",\"breadcrumb\":{\"@id\":\"https:\\\/\\\/www.wifivmhd.cz\\\/sk\\\/wifi-v-doprave\\\/#breadcrumb\"},\"inLanguage\":\"sk-SK\",\"potentialAction\":[{\"@type\":\"ReadAction\",\"target\":[\"https:\\\/\\\/www.wifivmhd.cz\\\/sk\\\/wifi-v-doprave\\\/\"]}]},{\"@type\":\"ImageObject\",\"inLanguage\":\"sk-SK\",\"@id\":\"https:\\\/\\\/www.wifivmhd.cz\\\/sk\\\/wifi-v-doprave\\\/#primaryimage\",\"url\":\"https:\\\/\\\/www.wifivmhd.cz\\\/wp-content\\\/uploads\\\/2025\\\/03\\\/Wi-Fi-pro-dopravu-slider2-1.jpg\",\"contentUrl\":\"https:\\\/\\\/www.wifivmhd.cz\\\/wp-content\\\/uploads\\\/2025\\\/03\\\/Wi-Fi-pro-dopravu-slider2-1.jpg\",\"width\":1920,\"height\":720},{\"@type\":\"BreadcrumbList\",\"@id\":\"https:\\\/\\\/www.wifivmhd.cz\\\/sk\\\/wifi-v-doprave\\\/#breadcrumb\",\"itemListElement\":[{\"@type\":\"ListItem\",\"position\":1,\"name\":\"Dom\u016f\",\"item\":\"https:\\\/\\\/www.wifivmhd.cz\\\/sk\\\/\"},{\"@type\":\"ListItem\",\"position\":2,\"name\":\"Wi-Fi v doprave\"}]},{\"@type\":\"WebSite\",\"@id\":\"https:\\\/\\\/www.wifivmhd.cz\\\/#website\",\"url\":\"https:\\\/\\\/www.wifivmhd.cz\\\/\",\"name\":\"Wi-Fi v MHD\",\"description\":\"\",\"potentialAction\":[{\"@type\":\"SearchAction\",\"target\":{\"@type\":\"EntryPoint\",\"urlTemplate\":\"https:\\\/\\\/www.wifivmhd.cz\\\/?s={search_term_string}\"},\"query-input\":{\"@type\":\"PropertyValueSpecification\",\"valueRequired\":true,\"valueName\":\"search_term_string\"}}],\"inLanguage\":\"sk-SK\"}]}<\/script>\n<!-- \/ Yoast SEO plugin. -->","yoast_head_json":{"title":"Wi-Fi v doprave - Wi-Fi v MHD","description":"Na\u0161e slu\u017eby zah\u0155\u0148aj\u00fa \u0161pi\u010dkov\u00e9 routery pre verejn\u00fa dopravu, ale aj vzdialen\u00fa spr\u00e1vu, in\u0161tal\u00e1ciu a servis. V\u0161etko na mieru pod\u013ea potreby.","robots":{"index":"index","follow":"follow","max-snippet":"max-snippet:-1","max-image-preview":"max-image-preview:large","max-video-preview":"max-video-preview:-1"},"canonical":"https:\/\/www.wifivmhd.cz\/sk\/wifi-v-doprave\/","og_locale":"sk_SK","og_type":"article","og_title":"Wi-Fi v doprave - Wi-Fi v MHD","og_description":"Na\u0161e slu\u017eby zah\u0155\u0148aj\u00fa \u0161pi\u010dkov\u00e9 routery pre verejn\u00fa dopravu, ale aj vzdialen\u00fa spr\u00e1vu, in\u0161tal\u00e1ciu a servis. V\u0161etko na mieru pod\u013ea potreby.","og_url":"https:\/\/www.wifivmhd.cz\/sk\/wifi-v-doprave\/","og_site_name":"Wi-Fi v MHD","article_modified_time":"2025-05-05T11:28:12+00:00","og_image":[{"width":1920,"height":720,"url":"https:\/\/www.wifivmhd.cz\/wp-content\/uploads\/2025\/03\/Wi-Fi-pro-dopravu-slider2-1.jpg","type":"image\/jpeg"}],"twitter_card":"summary_large_image","twitter_misc":{"Predpokladan\u00fd \u010das \u010d\u00edtania":"2 min\u00faty"},"schema":{"@context":"https:\/\/schema.org","@graph":[{"@type":"WebPage","@id":"https:\/\/www.wifivmhd.cz\/sk\/wifi-v-doprave\/","url":"https:\/\/www.wifivmhd.cz\/sk\/wifi-v-doprave\/","name":"Wi-Fi v doprave - Wi-Fi v MHD","isPartOf":{"@id":"https:\/\/www.wifivmhd.cz\/#website"},"primaryImageOfPage":{"@id":"https:\/\/www.wifivmhd.cz\/sk\/wifi-v-doprave\/#primaryimage"},"image":{"@id":"https:\/\/www.wifivmhd.cz\/sk\/wifi-v-doprave\/#primaryimage"},"thumbnailUrl":"https:\/\/www.wifivmhd.cz\/wp-content\/uploads\/2025\/03\/Wi-Fi-pro-dopravu-slider2-1.jpg","datePublished":"2024-09-24T13:31:30+00:00","dateModified":"2025-05-05T11:28:12+00:00","description":"Na\u0161e slu\u017eby zah\u0155\u0148aj\u00fa \u0161pi\u010dkov\u00e9 routery pre verejn\u00fa dopravu, ale aj vzdialen\u00fa spr\u00e1vu, in\u0161tal\u00e1ciu a servis. V\u0161etko na mieru pod\u013ea potreby.","breadcrumb":{"@id":"https:\/\/www.wifivmhd.cz\/sk\/wifi-v-doprave\/#breadcrumb"},"inLanguage":"sk-SK","potentialAction":[{"@type":"ReadAction","target":["https:\/\/www.wifivmhd.cz\/sk\/wifi-v-doprave\/"]}]},{"@type":"ImageObject","inLanguage":"sk-SK","@id":"https:\/\/www.wifivmhd.cz\/sk\/wifi-v-doprave\/#primaryimage","url":"https:\/\/www.wifivmhd.cz\/wp-content\/uploads\/2025\/03\/Wi-Fi-pro-dopravu-slider2-1.jpg","contentUrl":"https:\/\/www.wifivmhd.cz\/wp-content\/uploads\/2025\/03\/Wi-Fi-pro-dopravu-slider2-1.jpg","width":1920,"height":720},{"@type":"BreadcrumbList","@id":"https:\/\/www.wifivmhd.cz\/sk\/wifi-v-doprave\/#breadcrumb","itemListElement":[{"@type":"ListItem","position":1,"name":"Dom\u016f","item":"https:\/\/www.wifivmhd.cz\/sk\/"},{"@type":"ListItem","position":2,"name":"Wi-Fi v doprave"}]},{"@type":"WebSite","@id":"https:\/\/www.wifivmhd.cz\/#website","url":"https:\/\/www.wifivmhd.cz\/","name":"Wi-Fi v MHD","description":"","potentialAction":[{"@type":"SearchAction","target":{"@type":"EntryPoint","urlTemplate":"https:\/\/www.wifivmhd.cz\/?s={search_term_string}"},"query-input":{"@type":"PropertyValueSpecification","valueRequired":true,"valueName":"search_term_string"}}],"inLanguage":"sk-SK"}]}},"_links":{"self":[{"href":"https:\/\/www.wifivmhd.cz\/sk\/wp-json\/wp\/v2\/pages\/3236","targetHints":{"allow":["GET"]}}],"collection":[{"href":"https:\/\/www.wifivmhd.cz\/sk\/wp-json\/wp\/v2\/pages"}],"about":[{"href":"https:\/\/www.wifivmhd.cz\/sk\/wp-json\/wp\/v2\/types\/page"}],"author":[{"embeddable":true,"href":"https:\/\/www.wifivmhd.cz\/sk\/wp-json\/wp\/v2\/users\/1"}],"replies":[{"embeddable":true,"href":"https:\/\/www.wifivmhd.cz\/sk\/wp-json\/wp\/v2\/comments?post=3236"}],"version-history":[{"count":6,"href":"https:\/\/www.wifivmhd.cz\/sk\/wp-json\/wp\/v2\/pages\/3236\/revisions"}],"predecessor-version":[{"id":3940,"href":"https:\/\/www.wifivmhd.cz\/sk\/wp-json\/wp\/v2\/pages\/3236\/revisions\/3940"}],"wp:featuredmedia":[{"embeddable":true,"href":"https:\/\/www.wifivmhd.cz\/sk\/wp-json\/wp\/v2\/media\/3060"}],"wp:attachment":[{"href":"https:\/\/www.wifivmhd.cz\/sk\/wp-json\/wp\/v2\/media?parent=3236"}],"curies":[{"name":"wp","href":"https:\/\/api.w.org\/{rel}","templated":true}]}}