{"id":3273,"date":"2024-09-18T18:40:45","date_gmt":"2024-09-18T16:40:45","guid":{"rendered":"https:\/\/www.wifivmhd.cz\/domovska-stranka\/"},"modified":"2025-04-28T10:38:51","modified_gmt":"2025-04-28T08:38:51","slug":"domovska-stranka","status":"publish","type":"page","link":"https:\/\/www.wifivmhd.cz\/sk\/","title":{"rendered":"Wi-Fi v MHD"},"content":{"rendered":"\n<p>MOBILBOARD je profesion\u00e1lnym dod\u00e1vate\u013eom reklamy, internetu a Wi-Fi marketingu do vozidiel verejnej dopravy. Prostredn\u00edctvom homologovan\u00fdch a vysoko kvalitn\u00fdch Wi-Fi routerov zais\u0165ujeme konektivitu pre MHD, pr\u00edmestsk\u00fdch a dia\u013ekov\u00fdch dopravcov. Na\u0161e routery s\u00fa v\u00fdkonn\u00e9 priemyseln\u00e9 zariadenia s online doh\u013eadom. Pre routery disponujeme referenciou z re\u00e1lnej prev\u00e1dzky a certifik\u00e1ciou pre hromadn\u00e9 dopravn\u00e9 prostriedky.<\/p>\n\n\n\n<p>Internet vo vozidl\u00e1ch verejnej dopravy pova\u017eujeme za trend dne\u0161nej doby, ktor\u00fd pon\u00faka digit\u00e1lnu flexibilitu ako pre dopravcov, tak pasa\u017eierov. Cestuj\u00faci s\u0165ahuj\u00fa st\u00e1le v\u00e4\u010d\u0161ie mno\u017estvo d\u00e1t, preto je slu\u017eba Wi-Fi v dopravnom prostriedku ve\u013emi \u017eiadan\u00e1 a vyu\u017e\u00edvan\u00e1. Cestuj\u00faci si tak m\u00f4\u017eu kr\u00e1ti\u0165 jazdu autom surfovan\u00edm a surfovan\u00edm na internete, vybavuj\u00fa si spr\u00e1vy alebo e-maily. Dopravca naopak m\u00f4\u017ee zdie\u013ea\u0165 d\u00f4le\u017eit\u00e9 prepravn\u00e9 inform\u00e1cie a by\u0165 so svojimi pasa\u017eiermi neust\u00e1le v kontakte.<\/p>\n\n\n\n<p>V\u00fdnimo\u010dnos\u0165 na\u0161ich slu\u017eieb Wi-Fi v MHD spo\u010d\u00edva v komplexnej slu\u017ebe na mieru. Tj. v previazanosti jednotliv\u00fdch krokov, pomocou ktor\u00fdch vytv\u00e1rame s\u00favisl\u00e9 profesion\u00e1lne rie\u0161enie internetu vo vozidl\u00e1ch. Komunik\u00e1ciu s dopravcom za\u010d\u00edname poradenstvom a v\u00fdberom najvhodnej\u0161ej zostavy slu\u017eieb na mieru, pom\u00f4\u017eeme s in\u0161tal\u00e1ciou do vozidiel, po cel\u00fa dobu prev\u00e1dzky zaist\u00edme servisn\u00e9 slu\u017eby na dia\u013eku a\u017e po monetiz\u00e1ciu Wi-Fi obsahu. V slu\u017eb\u00e1ch pon\u00fakame aj \u0161peci\u00e1lnu SW nadstavbu pre tvorbu vstupn\u00fdch str\u00e1nok, ktor\u00e9 je mo\u017en\u00e9 vyu\u017ei\u0165 na informa\u010dn\u00e9 a marketingov\u00e9 \u00fa\u010dely.<\/p>\n\n\n\n<p>Na zariadenie poskytujeme trojro\u010dn\u00fa z\u00e1ruku. Servisn\u00e9 z\u00e1sahy zais\u0165ujeme predov\u0161etk\u00fdm na dia\u013eku av pr\u00edpade nutnosti aj priamo vo vozidle Ve\u013ekou v\u00fdhodou je v pr\u00edpade poruchy mo\u017enos\u0165 v\u00fdmeny HW kus za kus v r\u00e1mci platen\u00fdch slu\u017eieb online doh\u013eadov\u00e9ho mana\u017ementu a technickej podpory.<\/p>\n","protected":false},"excerpt":{"rendered":"<p>MOBILBOARD je profesion\u00e1lnym dod\u00e1vate\u013eom reklamy, internetu a Wi-Fi marketingu do vozidiel verejnej dopravy. Prostredn\u00edctvom homologovan\u00fdch a vysoko kvalitn\u00fdch Wi-Fi routerov zais\u0165ujeme konektivitu pre MHD, pr\u00edmestsk\u00fdch a dia\u013ekov\u00fdch dopravcov. Na\u0161e routery s\u00fa v\u00fdkonn\u00e9 priemyseln\u00e9 zariadenia s online doh\u013eadom. Pre routery disponujeme referenciou z re\u00e1lnej prev\u00e1dzky a certifik\u00e1ciou pre hromadn\u00e9 dopravn\u00e9 prostriedky. Internet vo vozidl\u00e1ch verejnej dopravy [&hellip;]<\/p>\n","protected":false},"author":1,"featured_media":2930,"parent":0,"menu_order":0,"comment_status":"closed","ping_status":"closed","template":"template-flexible-content.php","meta":{"_acf_changed":false,"footnotes":""},"class_list":["post-3273","page","type-page","status-publish","has-post-thumbnail","hentry"],"acf":[],"yoast_head":"<!-- This site is optimized with the Yoast SEO plugin v27.3 - https:\/\/yoast.com\/product\/yoast-seo-wordpress\/ -->\n<title>Wi-Fi v MHD - Wi-Fi v MHD<\/title>\n<meta name=\"description\" content=\"MOBILBOARD je dod\u00e1vate\u013eom internetu a Wi-Fi marketingu do verejnej dopravy. Zais\u0165ujeme konekt\u00edvu, poradenstvo, online doh\u013ead, servis.\" \/>\n<meta name=\"robots\" content=\"index, follow, max-snippet:-1, max-image-preview:large, max-video-preview:-1\" \/>\n<link rel=\"canonical\" href=\"https:\/\/www.wifivmhd.cz\/sk\/\" \/>\n<meta property=\"og:locale\" content=\"sk_SK\" \/>\n<meta property=\"og:type\" content=\"article\" \/>\n<meta property=\"og:title\" content=\"Wi-Fi v MHD - Wi-Fi v MHD\" \/>\n<meta property=\"og:description\" content=\"MOBILBOARD je dod\u00e1vate\u013eom internetu a Wi-Fi marketingu do verejnej dopravy. Zais\u0165ujeme konekt\u00edvu, poradenstvo, online doh\u013ead, servis.\" \/>\n<meta property=\"og:url\" content=\"https:\/\/www.wifivmhd.cz\/sk\/\" \/>\n<meta property=\"og:site_name\" content=\"Wi-Fi v MHD\" \/>\n<meta property=\"article:modified_time\" content=\"2025-04-28T08:38:51+00:00\" \/>\n<meta property=\"og:image\" content=\"https:\/\/www.wifivmhd.cz\/wp-content\/uploads\/2025\/03\/5G-router-Robustel-router-R5020-01-800_750x500px_uprava-stinu.jpg\" \/>\n\t<meta property=\"og:image:width\" content=\"750\" \/>\n\t<meta property=\"og:image:height\" content=\"500\" \/>\n\t<meta property=\"og:image:type\" content=\"image\/jpeg\" \/>\n<meta name=\"twitter:card\" content=\"summary_large_image\" \/>\n<meta name=\"twitter:label1\" content=\"Predpokladan\u00fd \u010das \u010d\u00edtania\" \/>\n\t<meta name=\"twitter:data1\" content=\"2 min\u00faty\" \/>\n<script type=\"application\/ld+json\" class=\"yoast-schema-graph\">{\"@context\":\"https:\\\/\\\/schema.org\",\"@graph\":[{\"@type\":\"WebPage\",\"@id\":\"https:\\\/\\\/www.wifivmhd.cz\\\/sk\\\/\",\"url\":\"https:\\\/\\\/www.wifivmhd.cz\\\/sk\\\/\",\"name\":\"Wi-Fi v MHD - Wi-Fi v MHD\",\"isPartOf\":{\"@id\":\"https:\\\/\\\/www.wifivmhd.cz\\\/#website\"},\"primaryImageOfPage\":{\"@id\":\"https:\\\/\\\/www.wifivmhd.cz\\\/sk\\\/#primaryimage\"},\"image\":{\"@id\":\"https:\\\/\\\/www.wifivmhd.cz\\\/sk\\\/#primaryimage\"},\"thumbnailUrl\":\"https:\\\/\\\/www.wifivmhd.cz\\\/wp-content\\\/uploads\\\/2025\\\/03\\\/5G-router-Robustel-router-R5020-01-800_750x500px_uprava-stinu.jpg\",\"datePublished\":\"2024-09-18T16:40:45+00:00\",\"dateModified\":\"2025-04-28T08:38:51+00:00\",\"description\":\"MOBILBOARD je dod\u00e1vate\u013eom internetu a Wi-Fi marketingu do verejnej dopravy. Zais\u0165ujeme konekt\u00edvu, poradenstvo, online doh\u013ead, servis.\",\"breadcrumb\":{\"@id\":\"https:\\\/\\\/www.wifivmhd.cz\\\/sk\\\/#breadcrumb\"},\"inLanguage\":\"sk-SK\",\"potentialAction\":[{\"@type\":\"ReadAction\",\"target\":[\"https:\\\/\\\/www.wifivmhd.cz\\\/sk\\\/\"]}]},{\"@type\":\"ImageObject\",\"inLanguage\":\"sk-SK\",\"@id\":\"https:\\\/\\\/www.wifivmhd.cz\\\/sk\\\/#primaryimage\",\"url\":\"https:\\\/\\\/www.wifivmhd.cz\\\/wp-content\\\/uploads\\\/2025\\\/03\\\/5G-router-Robustel-router-R5020-01-800_750x500px_uprava-stinu.jpg\",\"contentUrl\":\"https:\\\/\\\/www.wifivmhd.cz\\\/wp-content\\\/uploads\\\/2025\\\/03\\\/5G-router-Robustel-router-R5020-01-800_750x500px_uprava-stinu.jpg\",\"width\":750,\"height\":500,\"caption\":\"Wi-Fi router 5G\"},{\"@type\":\"BreadcrumbList\",\"@id\":\"https:\\\/\\\/www.wifivmhd.cz\\\/sk\\\/#breadcrumb\",\"itemListElement\":[{\"@type\":\"ListItem\",\"position\":1,\"name\":\"Dom\u016f\",\"item\":\"https:\\\/\\\/www.wifivmhd.cz\\\/sk\\\/\"},{\"@type\":\"ListItem\",\"position\":2,\"name\":\"Wi-Fi v MHD\"}]},{\"@type\":\"WebSite\",\"@id\":\"https:\\\/\\\/www.wifivmhd.cz\\\/#website\",\"url\":\"https:\\\/\\\/www.wifivmhd.cz\\\/\",\"name\":\"Wi-Fi v MHD\",\"description\":\"\",\"potentialAction\":[{\"@type\":\"SearchAction\",\"target\":{\"@type\":\"EntryPoint\",\"urlTemplate\":\"https:\\\/\\\/www.wifivmhd.cz\\\/?s={search_term_string}\"},\"query-input\":{\"@type\":\"PropertyValueSpecification\",\"valueRequired\":true,\"valueName\":\"search_term_string\"}}],\"inLanguage\":\"sk-SK\"}]}<\/script>\n<!-- \/ Yoast SEO plugin. -->","yoast_head_json":{"title":"Wi-Fi v MHD - Wi-Fi v MHD","description":"MOBILBOARD je dod\u00e1vate\u013eom internetu a Wi-Fi marketingu do verejnej dopravy. Zais\u0165ujeme konekt\u00edvu, poradenstvo, online doh\u013ead, servis.","robots":{"index":"index","follow":"follow","max-snippet":"max-snippet:-1","max-image-preview":"max-image-preview:large","max-video-preview":"max-video-preview:-1"},"canonical":"https:\/\/www.wifivmhd.cz\/sk\/","og_locale":"sk_SK","og_type":"article","og_title":"Wi-Fi v MHD - Wi-Fi v MHD","og_description":"MOBILBOARD je dod\u00e1vate\u013eom internetu a Wi-Fi marketingu do verejnej dopravy. Zais\u0165ujeme konekt\u00edvu, poradenstvo, online doh\u013ead, servis.","og_url":"https:\/\/www.wifivmhd.cz\/sk\/","og_site_name":"Wi-Fi v MHD","article_modified_time":"2025-04-28T08:38:51+00:00","og_image":[{"width":750,"height":500,"url":"https:\/\/www.wifivmhd.cz\/wp-content\/uploads\/2025\/03\/5G-router-Robustel-router-R5020-01-800_750x500px_uprava-stinu.jpg","type":"image\/jpeg"}],"twitter_card":"summary_large_image","twitter_misc":{"Predpokladan\u00fd \u010das \u010d\u00edtania":"2 min\u00faty"},"schema":{"@context":"https:\/\/schema.org","@graph":[{"@type":"WebPage","@id":"https:\/\/www.wifivmhd.cz\/sk\/","url":"https:\/\/www.wifivmhd.cz\/sk\/","name":"Wi-Fi v MHD - Wi-Fi v MHD","isPartOf":{"@id":"https:\/\/www.wifivmhd.cz\/#website"},"primaryImageOfPage":{"@id":"https:\/\/www.wifivmhd.cz\/sk\/#primaryimage"},"image":{"@id":"https:\/\/www.wifivmhd.cz\/sk\/#primaryimage"},"thumbnailUrl":"https:\/\/www.wifivmhd.cz\/wp-content\/uploads\/2025\/03\/5G-router-Robustel-router-R5020-01-800_750x500px_uprava-stinu.jpg","datePublished":"2024-09-18T16:40:45+00:00","dateModified":"2025-04-28T08:38:51+00:00","description":"MOBILBOARD je dod\u00e1vate\u013eom internetu a Wi-Fi marketingu do verejnej dopravy. Zais\u0165ujeme konekt\u00edvu, poradenstvo, online doh\u013ead, servis.","breadcrumb":{"@id":"https:\/\/www.wifivmhd.cz\/sk\/#breadcrumb"},"inLanguage":"sk-SK","potentialAction":[{"@type":"ReadAction","target":["https:\/\/www.wifivmhd.cz\/sk\/"]}]},{"@type":"ImageObject","inLanguage":"sk-SK","@id":"https:\/\/www.wifivmhd.cz\/sk\/#primaryimage","url":"https:\/\/www.wifivmhd.cz\/wp-content\/uploads\/2025\/03\/5G-router-Robustel-router-R5020-01-800_750x500px_uprava-stinu.jpg","contentUrl":"https:\/\/www.wifivmhd.cz\/wp-content\/uploads\/2025\/03\/5G-router-Robustel-router-R5020-01-800_750x500px_uprava-stinu.jpg","width":750,"height":500,"caption":"Wi-Fi router 5G"},{"@type":"BreadcrumbList","@id":"https:\/\/www.wifivmhd.cz\/sk\/#breadcrumb","itemListElement":[{"@type":"ListItem","position":1,"name":"Dom\u016f","item":"https:\/\/www.wifivmhd.cz\/sk\/"},{"@type":"ListItem","position":2,"name":"Wi-Fi v MHD"}]},{"@type":"WebSite","@id":"https:\/\/www.wifivmhd.cz\/#website","url":"https:\/\/www.wifivmhd.cz\/","name":"Wi-Fi v MHD","description":"","potentialAction":[{"@type":"SearchAction","target":{"@type":"EntryPoint","urlTemplate":"https:\/\/www.wifivmhd.cz\/?s={search_term_string}"},"query-input":{"@type":"PropertyValueSpecification","valueRequired":true,"valueName":"search_term_string"}}],"inLanguage":"sk-SK"}]}},"_links":{"self":[{"href":"https:\/\/www.wifivmhd.cz\/sk\/wp-json\/wp\/v2\/pages\/3273","targetHints":{"allow":["GET"]}}],"collection":[{"href":"https:\/\/www.wifivmhd.cz\/sk\/wp-json\/wp\/v2\/pages"}],"about":[{"href":"https:\/\/www.wifivmhd.cz\/sk\/wp-json\/wp\/v2\/types\/page"}],"author":[{"embeddable":true,"href":"https:\/\/www.wifivmhd.cz\/sk\/wp-json\/wp\/v2\/users\/1"}],"replies":[{"embeddable":true,"href":"https:\/\/www.wifivmhd.cz\/sk\/wp-json\/wp\/v2\/comments?post=3273"}],"version-history":[{"count":15,"href":"https:\/\/www.wifivmhd.cz\/sk\/wp-json\/wp\/v2\/pages\/3273\/revisions"}],"predecessor-version":[{"id":3925,"href":"https:\/\/www.wifivmhd.cz\/sk\/wp-json\/wp\/v2\/pages\/3273\/revisions\/3925"}],"wp:featuredmedia":[{"embeddable":true,"href":"https:\/\/www.wifivmhd.cz\/sk\/wp-json\/wp\/v2\/media\/2930"}],"wp:attachment":[{"href":"https:\/\/www.wifivmhd.cz\/sk\/wp-json\/wp\/v2\/media?parent=3273"}],"curies":[{"name":"wp","href":"https:\/\/api.w.org\/{rel}","templated":true}]}}