{"id":3287,"date":"2024-09-18T18:41:14","date_gmt":"2024-09-18T16:41:14","guid":{"rendered":"https:\/\/www.wifivmhd.cz\/aktuality\/"},"modified":"2025-03-21T16:46:34","modified_gmt":"2025-03-21T15:46:34","slug":"aktuality","status":"publish","type":"page","link":"https:\/\/www.wifivmhd.cz\/sk\/aktuality\/","title":{"rendered":"Aktuality"},"content":{"rendered":"\n<p>Digit\u00e1lny aj reklamn\u00fd svet postupuj\u00fa m\u00ed\u013eov\u00fdmi krokmi vpred. Bu\u010fme spolu v spojen\u00ed! Sledujte na\u0161e posledn\u00e9 novinky a majte preh\u013ead.<\/p>\n","protected":false},"excerpt":{"rendered":"<p>Digit\u00e1lny aj reklamn\u00fd svet postupuj\u00fa m\u00ed\u013eov\u00fdmi krokmi vpred. Bu\u010fme spolu v spojen\u00ed! Sledujte na\u0161e posledn\u00e9 novinky a majte preh\u013ead.<\/p>\n","protected":false},"author":1,"featured_media":3100,"parent":0,"menu_order":0,"comment_status":"closed","ping_status":"closed","template":"template-actualities.php","meta":{"_acf_changed":false,"footnotes":""},"class_list":["post-3287","page","type-page","status-publish","has-post-thumbnail","hentry"],"acf":[],"yoast_head":"<!-- This site is optimized with the Yoast SEO plugin v27.3 - https:\/\/yoast.com\/product\/yoast-seo-wordpress\/ -->\n<title>Aktuality - Wi-Fi v MHD<\/title>\n<meta name=\"description\" content=\"Digit\u00e1lny aj reklamn\u00fd svet postupuj\u00fa m\u00ed\u013eov\u00fdmi krokmi vpred. Bu\u010fme spolu v spojen\u00ed! Sledujte na\u0161e posledn\u00e9 novinky a majte preh\u013ead.\" \/>\n<meta name=\"robots\" content=\"index, follow, max-snippet:-1, max-image-preview:large, max-video-preview:-1\" \/>\n<link rel=\"canonical\" href=\"https:\/\/www.wifivmhd.cz\/sk\/aktuality\/\" \/>\n<meta property=\"og:locale\" content=\"sk_SK\" \/>\n<meta property=\"og:type\" content=\"article\" \/>\n<meta property=\"og:title\" content=\"Aktuality - Wi-Fi v MHD\" \/>\n<meta property=\"og:description\" content=\"Digit\u00e1lny aj reklamn\u00fd svet postupuj\u00fa m\u00ed\u013eov\u00fdmi krokmi vpred. Bu\u010fme spolu v spojen\u00ed! Sledujte na\u0161e posledn\u00e9 novinky a majte preh\u013ead.\" \/>\n<meta property=\"og:url\" content=\"https:\/\/www.wifivmhd.cz\/sk\/aktuality\/\" \/>\n<meta property=\"og:site_name\" content=\"Wi-Fi v MHD\" \/>\n<meta property=\"article:modified_time\" content=\"2025-03-21T15:46:34+00:00\" \/>\n<meta property=\"og:image\" content=\"https:\/\/www.wifivmhd.cz\/wp-content\/uploads\/2024\/10\/MB-historie-e1733752253291.jpg\" \/>\n\t<meta property=\"og:image:width\" content=\"702\" \/>\n\t<meta property=\"og:image:height\" content=\"470\" \/>\n\t<meta property=\"og:image:type\" content=\"image\/jpeg\" \/>\n<meta name=\"twitter:card\" content=\"summary_large_image\" \/>\n<meta name=\"twitter:label1\" content=\"Predpokladan\u00fd \u010das \u010d\u00edtania\" \/>\n\t<meta name=\"twitter:data1\" content=\"1 min\u00fata\" \/>\n<script type=\"application\/ld+json\" class=\"yoast-schema-graph\">{\"@context\":\"https:\\\/\\\/schema.org\",\"@graph\":[{\"@type\":\"WebPage\",\"@id\":\"https:\\\/\\\/www.wifivmhd.cz\\\/sk\\\/aktuality\\\/\",\"url\":\"https:\\\/\\\/www.wifivmhd.cz\\\/sk\\\/aktuality\\\/\",\"name\":\"Aktuality - Wi-Fi v MHD\",\"isPartOf\":{\"@id\":\"https:\\\/\\\/www.wifivmhd.cz\\\/#website\"},\"primaryImageOfPage\":{\"@id\":\"https:\\\/\\\/www.wifivmhd.cz\\\/sk\\\/aktuality\\\/#primaryimage\"},\"image\":{\"@id\":\"https:\\\/\\\/www.wifivmhd.cz\\\/sk\\\/aktuality\\\/#primaryimage\"},\"thumbnailUrl\":\"https:\\\/\\\/www.wifivmhd.cz\\\/wp-content\\\/uploads\\\/2024\\\/10\\\/MB-historie-e1733752253291.jpg\",\"datePublished\":\"2024-09-18T16:41:14+00:00\",\"dateModified\":\"2025-03-21T15:46:34+00:00\",\"description\":\"Digit\u00e1lny aj reklamn\u00fd svet postupuj\u00fa m\u00ed\u013eov\u00fdmi krokmi vpred. Bu\u010fme spolu v spojen\u00ed! Sledujte na\u0161e posledn\u00e9 novinky a majte preh\u013ead.\",\"breadcrumb\":{\"@id\":\"https:\\\/\\\/www.wifivmhd.cz\\\/sk\\\/aktuality\\\/#breadcrumb\"},\"inLanguage\":\"sk-SK\",\"potentialAction\":[{\"@type\":\"ReadAction\",\"target\":[\"https:\\\/\\\/www.wifivmhd.cz\\\/sk\\\/aktuality\\\/\"]}]},{\"@type\":\"ImageObject\",\"inLanguage\":\"sk-SK\",\"@id\":\"https:\\\/\\\/www.wifivmhd.cz\\\/sk\\\/aktuality\\\/#primaryimage\",\"url\":\"https:\\\/\\\/www.wifivmhd.cz\\\/wp-content\\\/uploads\\\/2024\\\/10\\\/MB-historie-e1733752253291.jpg\",\"contentUrl\":\"https:\\\/\\\/www.wifivmhd.cz\\\/wp-content\\\/uploads\\\/2024\\\/10\\\/MB-historie-e1733752253291.jpg\",\"width\":702,\"height\":470},{\"@type\":\"BreadcrumbList\",\"@id\":\"https:\\\/\\\/www.wifivmhd.cz\\\/sk\\\/aktuality\\\/#breadcrumb\",\"itemListElement\":[{\"@type\":\"ListItem\",\"position\":1,\"name\":\"Dom\u016f\",\"item\":\"https:\\\/\\\/www.wifivmhd.cz\\\/sk\\\/\"},{\"@type\":\"ListItem\",\"position\":2,\"name\":\"Aktuality\"}]},{\"@type\":\"WebSite\",\"@id\":\"https:\\\/\\\/www.wifivmhd.cz\\\/#website\",\"url\":\"https:\\\/\\\/www.wifivmhd.cz\\\/\",\"name\":\"Wi-Fi v MHD\",\"description\":\"\",\"potentialAction\":[{\"@type\":\"SearchAction\",\"target\":{\"@type\":\"EntryPoint\",\"urlTemplate\":\"https:\\\/\\\/www.wifivmhd.cz\\\/?s={search_term_string}\"},\"query-input\":{\"@type\":\"PropertyValueSpecification\",\"valueRequired\":true,\"valueName\":\"search_term_string\"}}],\"inLanguage\":\"sk-SK\"}]}<\/script>\n<!-- \/ Yoast SEO plugin. -->","yoast_head_json":{"title":"Aktuality - Wi-Fi v MHD","description":"Digit\u00e1lny aj reklamn\u00fd svet postupuj\u00fa m\u00ed\u013eov\u00fdmi krokmi vpred. Bu\u010fme spolu v spojen\u00ed! Sledujte na\u0161e posledn\u00e9 novinky a majte preh\u013ead.","robots":{"index":"index","follow":"follow","max-snippet":"max-snippet:-1","max-image-preview":"max-image-preview:large","max-video-preview":"max-video-preview:-1"},"canonical":"https:\/\/www.wifivmhd.cz\/sk\/aktuality\/","og_locale":"sk_SK","og_type":"article","og_title":"Aktuality - Wi-Fi v MHD","og_description":"Digit\u00e1lny aj reklamn\u00fd svet postupuj\u00fa m\u00ed\u013eov\u00fdmi krokmi vpred. Bu\u010fme spolu v spojen\u00ed! Sledujte na\u0161e posledn\u00e9 novinky a majte preh\u013ead.","og_url":"https:\/\/www.wifivmhd.cz\/sk\/aktuality\/","og_site_name":"Wi-Fi v MHD","article_modified_time":"2025-03-21T15:46:34+00:00","og_image":[{"width":702,"height":470,"url":"https:\/\/www.wifivmhd.cz\/wp-content\/uploads\/2024\/10\/MB-historie-e1733752253291.jpg","type":"image\/jpeg"}],"twitter_card":"summary_large_image","twitter_misc":{"Predpokladan\u00fd \u010das \u010d\u00edtania":"1 min\u00fata"},"schema":{"@context":"https:\/\/schema.org","@graph":[{"@type":"WebPage","@id":"https:\/\/www.wifivmhd.cz\/sk\/aktuality\/","url":"https:\/\/www.wifivmhd.cz\/sk\/aktuality\/","name":"Aktuality - Wi-Fi v MHD","isPartOf":{"@id":"https:\/\/www.wifivmhd.cz\/#website"},"primaryImageOfPage":{"@id":"https:\/\/www.wifivmhd.cz\/sk\/aktuality\/#primaryimage"},"image":{"@id":"https:\/\/www.wifivmhd.cz\/sk\/aktuality\/#primaryimage"},"thumbnailUrl":"https:\/\/www.wifivmhd.cz\/wp-content\/uploads\/2024\/10\/MB-historie-e1733752253291.jpg","datePublished":"2024-09-18T16:41:14+00:00","dateModified":"2025-03-21T15:46:34+00:00","description":"Digit\u00e1lny aj reklamn\u00fd svet postupuj\u00fa m\u00ed\u013eov\u00fdmi krokmi vpred. Bu\u010fme spolu v spojen\u00ed! Sledujte na\u0161e posledn\u00e9 novinky a majte preh\u013ead.","breadcrumb":{"@id":"https:\/\/www.wifivmhd.cz\/sk\/aktuality\/#breadcrumb"},"inLanguage":"sk-SK","potentialAction":[{"@type":"ReadAction","target":["https:\/\/www.wifivmhd.cz\/sk\/aktuality\/"]}]},{"@type":"ImageObject","inLanguage":"sk-SK","@id":"https:\/\/www.wifivmhd.cz\/sk\/aktuality\/#primaryimage","url":"https:\/\/www.wifivmhd.cz\/wp-content\/uploads\/2024\/10\/MB-historie-e1733752253291.jpg","contentUrl":"https:\/\/www.wifivmhd.cz\/wp-content\/uploads\/2024\/10\/MB-historie-e1733752253291.jpg","width":702,"height":470},{"@type":"BreadcrumbList","@id":"https:\/\/www.wifivmhd.cz\/sk\/aktuality\/#breadcrumb","itemListElement":[{"@type":"ListItem","position":1,"name":"Dom\u016f","item":"https:\/\/www.wifivmhd.cz\/sk\/"},{"@type":"ListItem","position":2,"name":"Aktuality"}]},{"@type":"WebSite","@id":"https:\/\/www.wifivmhd.cz\/#website","url":"https:\/\/www.wifivmhd.cz\/","name":"Wi-Fi v MHD","description":"","potentialAction":[{"@type":"SearchAction","target":{"@type":"EntryPoint","urlTemplate":"https:\/\/www.wifivmhd.cz\/?s={search_term_string}"},"query-input":{"@type":"PropertyValueSpecification","valueRequired":true,"valueName":"search_term_string"}}],"inLanguage":"sk-SK"}]}},"_links":{"self":[{"href":"https:\/\/www.wifivmhd.cz\/sk\/wp-json\/wp\/v2\/pages\/3287","targetHints":{"allow":["GET"]}}],"collection":[{"href":"https:\/\/www.wifivmhd.cz\/sk\/wp-json\/wp\/v2\/pages"}],"about":[{"href":"https:\/\/www.wifivmhd.cz\/sk\/wp-json\/wp\/v2\/types\/page"}],"author":[{"embeddable":true,"href":"https:\/\/www.wifivmhd.cz\/sk\/wp-json\/wp\/v2\/users\/1"}],"replies":[{"embeddable":true,"href":"https:\/\/www.wifivmhd.cz\/sk\/wp-json\/wp\/v2\/comments?post=3287"}],"version-history":[{"count":2,"href":"https:\/\/www.wifivmhd.cz\/sk\/wp-json\/wp\/v2\/pages\/3287\/revisions"}],"predecessor-version":[{"id":3558,"href":"https:\/\/www.wifivmhd.cz\/sk\/wp-json\/wp\/v2\/pages\/3287\/revisions\/3558"}],"wp:featuredmedia":[{"embeddable":true,"href":"https:\/\/www.wifivmhd.cz\/sk\/wp-json\/wp\/v2\/media\/3100"}],"wp:attachment":[{"href":"https:\/\/www.wifivmhd.cz\/sk\/wp-json\/wp\/v2\/media?parent=3287"}],"curies":[{"name":"wp","href":"https:\/\/api.w.org\/{rel}","templated":true}]}}