{"id":3291,"date":"2024-09-18T18:06:26","date_gmt":"2024-09-18T16:06:26","guid":{"rendered":"https:\/\/www.wifivmhd.cz\/ochrana-osobnich-udaju\/"},"modified":"2025-04-01T14:48:46","modified_gmt":"2025-04-01T12:48:46","slug":"ochrana-osobnych-udajov","status":"publish","type":"page","link":"https:\/\/www.wifivmhd.cz\/sk\/ochrana-osobnych-udajov\/","title":{"rendered":"Z\u00e1sady ochrany osobn\u00fdch \u00fadajov MOBILBOARD"},"content":{"rendered":"\n<p><strong>V TOMTO DOKUMENTE N\u00c1JDETE Z\u00c1KLADN\u00c9 PRINC\u00cdPY OCHRANY OSOBN\u00ddCH \u00daDAJOV A PREH\u013dAD O SPRACOV\u00c1VAN\u00ddCH \u00daDAJOCH NA\u0160ICH Z\u00c1KAZN\u00cdKOV\/POTENCI\u00c1LNYCH Z\u00c1KAZN\u00cdKOV.<\/strong><\/p>\n\n\n\n<h3 class=\"wp-block-heading\"><strong>Kto spravuje a spracov\u00e1va va\u0161e \u00fadaje?<\/strong><\/h3>\n\n\n\n<p>Web&nbsp;<a href=\"https:\/\/www.wifivmhd.cz\/sk\/\">www.wifivmhd.cz<\/a>&nbsp;je prev\u00e1dzkovan\u00fd spolo\u010dnos\u0165ou <strong>MOBILBOARD s.r.o., I\u010cO: 26976056, so s\u00eddlom Mostn\u00ed 5552, 760 01 Zl\u00edn, zap\u00edsan\u00e1 v obchodnom registri vedenom na Krajskom s\u00fade v Brne, oddiel C, 49320.<\/strong><\/p>\n\n\n\n<h3 class=\"wp-block-heading\"><strong>Na ak\u00e9 \u00fa\u010dely va\u0161e osobn\u00e9 \u00fadaje spracov\u00e1vame?<\/strong><\/h3>\n\n\n\n<p>Spracov\u00e1vame osobn\u00e9 \u00fadaje, ktor\u00e9 n\u00e1m poskytujete v s\u00favislosti s vyu\u017e\u00edvan\u00edm na\u0161ich slu\u017eieb. Jedn\u00e1 sa o:<\/p>\n\n\n\n<ul class=\"wp-block-list\">\n<li>uzavretie a plnenie zml\u00fav,<\/li>\n\n\n\n<li>pr\u00edjem a vybavenie v\u00e1\u0161ho dopytu,<\/li>\n\n\n\n<li>vybavenie va\u0161ej objedn\u00e1vky,<\/li>\n\n\n\n<li>zasielanie newsletterov, ak n\u00e1m k tomu d\u00e1te s\u00fahlas.<\/li>\n<\/ul>\n\n\n\n<h3 class=\"wp-block-heading\"><strong>Ak\u00e9 va\u0161e osobn\u00e9 \u00fadaje spracov\u00e1vame?<\/strong><\/h3>\n\n\n\n<p>Spracov\u00e1vame osobn\u00e9 \u00fadaje, ktor\u00e9 n\u00e1m ozn\u00e1mite pri odoslan\u00ed dopytu, objedn\u00e1vky alebo pri podpise zmluvy a pri jej plnen\u00ed. Jedn\u00e1 sa naj\u010dastej\u0161ie o:<\/p>\n\n\n\n<ul class=\"wp-block-list\">\n<li><strong>Identifika\u010dn\u00e9 \u00fadaje<\/strong>, ktor\u00fdmi sa rozumie najm\u00e4 meno, priezvisko, pracovn\u00e1 poz\u00edcia, obchodn\u00e1 firma, miesto podnikania, I\u010cO podnikaj\u00face fyzick\u00e9 osoby, bankov\u00e9 spojenie, a pod.,<\/li>\n\n\n\n<li><strong>Kontaktn\u00e9 \u00fadaje<\/strong>, ktor\u00fdmi s\u00fa najm\u00e4 telef\u00f3nne \u010d\u00edslo a e-mailov\u00e1 adresa,<\/li>\n\n\n\n<li><strong>\u00dadaje s\u00favisiace s va\u0161imi dopytmi a objedn\u00e1vkami,<\/strong> a to predov\u0161etk\u00fdm ich hist\u00f3ria (vr\u00e1tane ich plnenia).<\/li>\n<\/ul>\n\n\n\n<h3 class=\"wp-block-heading\"><strong>Komu odovzd\u00e1vame va\u0161e osobn\u00e9 \u00fadaje?<\/strong><\/h3>\n\n\n\n<p>Va\u0161e \u00fadaje uchov\u00e1vame v bezpe\u010d\u00ed, aj ke\u010f ich odovzd\u00e1vame na\u0161im partnerom. Svojich partnerov starostlivo vyber\u00e1me a ochranu osobn\u00fdch \u00fadajov zais\u0165ujeme zmluvne tak, aby sme zaistili technick\u00e9 i organiza\u010dn\u00e9 zabezpe\u010denie va\u0161ich \u00fadajov a nemohlo tak d\u00f4js\u0165 k neopr\u00e1vnen\u00e9mu zneu\u017eitiu va\u0161ich \u00fadajov. V\u0161etci na\u0161i partneri s\u00fa viazan\u00ed zmluvnou ml\u010danlivos\u0165ou a nesm\u00fa va\u0161e \u00fadaje pou\u017e\u00edva\u0165 na in\u00e9 \u00fa\u010dely, ne\u017e na ktor\u00e9 im ich spr\u00edstup\u0148ujeme. Na\u0161imi spracovate\u013emi s\u00fa: RAYNET\u00a0s.r.o. (I\u010cO: 26843820), TOM\u00c1\u0160 GOL\u00c1\u0147, da\u0148ov\u00e1 kancel\u00e1ria s.r.o. (I\u010cO: 26879441), Smartselling a.s. (I\u010cO: 29210372), STORMWARE s.r.o. (I\u010cO: 25313142).<\/p>\n\n\n\n<p>Za ur\u010dit\u00fdch, z\u00e1konom definovan\u00fdch podmienok sme povinn\u00ed niektor\u00e9 va\u0161e osobn\u00e9 \u00fadaje odovzda\u0165 na z\u00e1klade platn\u00fdch pr\u00e1vnych predpisov napr. Pol\u00edcii \u010cR, \u00daradu na ochranu osobn\u00fdch \u00fadajov, popr. in\u00fdm org\u00e1nom \u010dinn\u00fdm v trestnom konan\u00ed a \u010fal\u0161\u00edm org\u00e1nom verejnej spr\u00e1vy.<\/p>\n\n\n\n<h3 class=\"wp-block-heading\"><strong>Koment\u00e1re<\/strong><\/h3>\n\n\n\n<p>Ke\u010f n\u00e1v\u0161tevn\u00edci pridaj\u00fa koment\u00e1r na tento web, s\u00fa zhroma\u017e\u010fovan\u00e9 \u00fadaje zobrazen\u00e9 vo formul\u00e1ri pre koment\u00e1r, \u010falej IP adresa n\u00e1v\u0161tevn\u00edka a re\u0165azec user agent definuj\u00faci prehliada\u010d, \u010do pom\u00e1ha k detekcii spamu.<\/p>\n\n\n\n<p>Slu\u017ebe Gravatar m\u00f4\u017ee by\u0165 poskytnut\u00fd anonymn\u00fd re\u0165azec vytvoren\u00fd z va\u0161ej e-mailovej adresy (naz\u00fdvan\u00fd aj hash), v\u010faka ktor\u00e9mu je mo\u017en\u00e9 ur\u010di\u0165 \u010di t\u00fato slu\u017ebu pou\u017e\u00edvate. Z\u00e1sady ochrany osobn\u00fdch \u00fadajov slu\u017eby Gravatar s\u00fa k dispoz\u00edcii tu: https:\/\/automattic.com\/privacy\/. Po schv\u00e1len\u00ed v\u00e1\u0161ho koment\u00e1ra je v\u00e1\u0161 profilov\u00fd obr\u00e1zok vidite\u013en\u00fd pre verejnos\u0165 v kontexte v\u00e1\u0161ho koment\u00e1ra.<\/p>\n\n\n\n<h3 class=\"wp-block-heading\"><strong>Vlo\u017een\u00fd odkaz z na\u0161ich webov<\/strong><\/h3>\n\n\n\n<p>Pr\u00edspevky na t\u00fdchto str\u00e1nkach m\u00f4\u017eu obsahova\u0165 vlo\u017een\u00fd obsah (napr\u00edklad vide\u00e1, obr\u00e1zky, \u010dl\u00e1nky at\u010f.). Vlo\u017een\u00fd obsah z in\u00fdch webov\u00fdch str\u00e1nok sa chov\u00e1 rovnak\u00fdm sp\u00f4sobom, ako keby n\u00e1v\u0161tevn\u00edk nav\u0161t\u00edvil in\u00fd web. Tieto webov\u00e9 str\u00e1nky m\u00f4\u017eu zhroma\u017e\u010fova\u0165 \u00fadaje o v\u00e1s, pou\u017e\u00edva\u0165 s\u00fabory cookies, vklada\u0165 \u010fal\u0161ie sledovanie od tret\u00edch str\u00e1n a sledova\u0165 va\u0161u interakciu s t\u00fdmto vlo\u017een\u00fdm obsahom, vr\u00e1tane sledovania interakcie s vlo\u017een\u00fdm obsahom, ak m\u00e1te \u00fa\u010det a ste prihl\u00e1sen\u00ed na dan\u00fa webov\u00fa str\u00e1nku.<\/p>\n\n\n\n<h3 class=\"wp-block-heading\"><strong>Ak\u00e9 s\u00fabory cookies pou\u017e\u00edvame?<\/strong><\/h3>\n\n\n\n<p>Pokia\u013e na na\u0161e str\u00e1nky prid\u00e1te koment\u00e1r, m\u00f4\u017eete povoli\u0165 ulo\u017eenie mena, e-mailovej adresy a webovej str\u00e1nky do cookies. T\u00fdmto sp\u00f4sobom sa sna\u017e\u00edme zv\u00fd\u0161i\u0165 v\u00e1\u0161 komfort, ke\u010f budete p\u00edsa\u0165 nov\u00fd koment\u00e1r u\u017e potom nebudete musie\u0165 tieto \u00fadaje znova vyp\u013a\u0148a\u0165. Tieto s\u00fabory cookies bud\u00fa ma\u0165 \u017eivotnos\u0165 jeden rok.<\/p>\n\n\n\n<p>Pokia\u013e bude ma\u0165 v\u00e1\u0161 prehliada\u010d pou\u017eitie cookie povolen\u00e9 (stla\u010d\u00edte s\u00fahlasn\u00e9 tla\u010didlo pri n\u00e1v\u0161teve n\u00e1\u0161ho webu), budeme vych\u00e1dza\u0165 z toho, \u017ee s\u00fahlas\u00edte s vyu\u017e\u00edvan\u00edm \u0161tandardn\u00fdch cookie na\u0161im webom. Cookie vyu\u017e\u00edvame iba na \u00fa\u010dely vyu\u017e\u00edvania n\u00e1stroja Google Analytics a pre pr\u00edpad bonusov\u00fdch programov, ktor\u00fdch z\u00e1kladom je identifik\u00e1cia u\u017e\u00edvate\u013ea pomocou cookie. Pokia\u013e nechcete tieto cookie uklada\u0165, je mo\u017en\u00e9 ich pou\u017e\u00edvanie zablokova\u0165 priamo vo va\u0161om prehliada\u010di. Pokyny, ako vypn\u00fa\u0165 cookie vo va\u0161om prehliada\u010di, n\u00e1jdete na webovej str\u00e1nke podpory prehliada\u010da.<\/p>\n\n\n\n<p>Pri \u00faprave alebo publik\u00e1cii \u010dl\u00e1nok, bude vo va\u0161om prehliada\u010di ulo\u017een\u00fd \u010fal\u0161ie cookie. Tento cookie neobsahuje \u017eiadne osobn\u00e9 d\u00e1ta a jednoducho ozna\u010duje ID pr\u00edspevku, ktor\u00fd ste pr\u00e1ve upravili. Jeho platnos\u0165 vypr\u0161\u00ed po 1 dni.<\/p>\n\n\n\n<h3 class=\"wp-block-heading\"><strong>Ako dlho va\u0161e \u00fadaje spracov\u00e1vame?<\/strong><\/h3>\n\n\n\n<p>Va\u0161e osobn\u00e9 \u00fadaje spracov\u00e1vame po cel\u00fa dobu platnosti zmluvy a n\u00e1sledne po dobu \u010fal\u0161\u00edch 10 rokov po ukon\u010den\u00ed zmluvn\u00e9ho vz\u0165ahu. V pr\u00edpade udelenia s\u00fahlasu spracov\u00e1vame va\u0161e d\u00e1ta po dobu 10 rokov<br>od udelenia s\u00fahlasu, alebo do odvolania v\u00e1\u0161ho s\u00fahlasu.<\/p>\n\n\n\n<p>Pokia\u013e s nami nem\u00e1te platn\u00fa zmluvu, ale v minulosti ste si od n\u00e1s slu\u017ebu objednali, vn\u00edmame v\u00e1s ako n\u00e1\u0161ho z\u00e1kazn\u00edka. Na\u0161i z\u00e1kazn\u00edci od n\u00e1s dost\u00e1vaj\u00fa e-mailov\u00e9 obchodn\u00e9 ozn\u00e1menia s ak\u010dn\u00fdmi ponukami alebo novinkami z oblasti na\u0161ich slu\u017eieb, z ktor\u00fdch sa m\u00f4\u017eu v\u017edy jednoducho odhl\u00e1si\u0165.<\/p>\n\n\n\n<h3 class=\"wp-block-heading\"><strong>Spracov\u00e1vame osobn\u00e9 \u00fadaje aj bez v\u00e1\u0161ho s\u00fahlasu?<\/strong><\/h3>\n\n\n\n<p>\u00c1no, sme opr\u00e1vnen\u00ed va\u0161e osobn\u00e9 \u00fadaje spracov\u00e1va\u0165 aj bez v\u00e1\u0161ho s\u00fahlasu, ale iba z titulu:<\/p>\n\n\n\n<ul class=\"wp-block-list\">\n<li>uzavretie a plnenie zmluvy,<\/li>\n\n\n\n<li>splnenie pr\u00e1vnych povinnost\u00ed, ktor\u00e9 pre n\u00e1s vypl\u00fdvaj\u00fa z v\u0161eobecne z\u00e1v\u00e4zn\u00fdch pr\u00e1vnych predpisov,<\/li>\n\n\n\n<li>splnenie opr\u00e1vnen\u00fdch z\u00e1ujmov (napr\u00edklad zaistenie bezpe\u010dnosti na\u0161ej webovej str\u00e1nky),<\/li>\n\n\n\n<li>zasielanie obchodn\u00e9ho ozn\u00e1menia pod\u013ea z\u00e1kona 480\/2004 Zb., o niektor\u00fdch slu\u017eb\u00e1ch informa\u010dnej spolo\u010dnosti (plat\u00ed iba v pr\u00edpade, \u017ee ste na\u0161im z\u00e1kazn\u00edkom alebo n\u00e1m k tomuto d\u00e1te s\u00fahlas).<\/li>\n<\/ul>\n\n\n\n<h3 class=\"wp-block-heading\"><strong>Ako zabezpe\u010dujeme va\u0161e osobn\u00e9 \u00fadaje?<\/strong><\/h3>\n\n\n\n<p>Ak prid\u00e1te koment\u00e1r, koment\u00e1r a jeho metad\u00e1ta bud\u00fa uchov\u00e1van\u00e9 po dobu neur\u010dit\u00fa. \u00dadaje s\u00fa uchov\u00e1van\u00e9 za \u00fa\u010delom automatick\u00e9ho rozpoznania a schv\u00e1lenia v\u0161etk\u00fdch n\u00e1sledn\u00fdch koment\u00e1rov, namiesto ich dr\u017eania v rade moderovania. Va\u0161e osobn\u00e9 \u00fadaje zabezpe\u010dujeme sp\u00f4sobom, ktor\u00fd ochr\u00e1ni va\u0161e \u00fadaje pred ich zneu\u017eit\u00edm, stratou a neopr\u00e1vnen\u00fdm pr\u00edstupom. \u00a0Na zabezpe\u010denie vyu\u017e\u00edvame napr\u00edklad:<\/p>\n\n\n\n<ul class=\"wp-block-list\">\n<li>obmedzenie fyzick\u00e9ho pr\u00edstupu do na\u0161ich priestorov podnikania,<\/li>\n\n\n\n<li>obmedzenie pr\u00edstupu k inform\u00e1ci\u00e1m, ktor\u00e9 o v\u00e1s zhroma\u017e\u010fujeme,<\/li>\n\n\n\n<li>zabezpe\u010denie syst\u00e9mu SSL certifik\u00e1tom a \u0161ifrovan\u00edm,<\/li>\n\n\n\n<li>pokia\u013e u\u017e pre spracov\u00e1vanie \u00fadajov nie je \u017eiadny \u00fa\u010del, likvidujeme<\/li>\n\n\n\n<li>va\u0161e \u00fadaje tak, ako to vy\u017eaduje z\u00e1kon.<\/li>\n<\/ul>\n\n\n\n<h3 class=\"wp-block-heading\"><strong>Ak\u00e9 m\u00e1te pr\u00e1va v s\u00favislosti s ochranou osobn\u00fdch \u00fadajov?<\/strong><\/h3>\n\n\n\n<p>Pod\u013ea V\u0161eobecn\u00e9ho nariadenia m\u00e1te vo vz\u0165ahu k va\u0161im osobn\u00fdm \u00fadajom pr\u00e1vo:<\/p>\n\n\n\n<ol class=\"wp-block-list\">\n<li>na inform\u00e1cie,<\/li>\n\n\n\n<li>po\u017eadova\u0165 umo\u017enenie pr\u00edstupu k va\u0161im osobn\u00fdm \u00fadajom<\/li>\n\n\n\n<li>po\u017eadova\u0165 opravu nepresn\u00fdch osobn\u00fdch \u00fadajov alebo ich doplnenie,<\/li>\n\n\n\n<li>po\u017eadova\u0165 obmedzenie spracovania va\u0161ich osobn\u00fdch \u00fadajov,<\/li>\n\n\n\n<li>vznies\u0165 n\u00e1mietku proti spracovaniu osobn\u00fdch \u00fadajov,<\/li>\n\n\n\n<li>po\u017eadova\u0165 v\u00fdmaz osobn\u00fdch \u00fadajov bez zbyto\u010dn\u00e9ho odkladu (iba ak neexistuje in\u00fd z\u00e1konn\u00fd d\u00f4vod),<\/li>\n\n\n\n<li>odvola\u0165 svoj s\u00fahlas so spracovan\u00edm osobn\u00fdch \u00fadajov,<\/li>\n\n\n\n<li>pr\u00e1vo neby\u0165 predmetom \u017eiadneho rozhodnutia zalo\u017een\u00e9ho v\u00fdhradne<br>na automatizovanom spracovan\u00ed vr\u00e1tane profilovania,<\/li>\n\n\n\n<li>poda\u0165 s\u0165a\u017enos\u0165 na dozornom org\u00e1ne, ktor\u00fd je \u00darad na ochranu osobn\u00fdch \u00fadajov, Pplk. Sochora 27, 170 00 Praha 7.<\/li>\n<\/ol>\n\n\n\n<h3 class=\"wp-block-heading\"><strong>Ako m\u00f4\u017eete vznies\u0165 n\u00e1mietku?<\/strong><\/h3>\n\n\n\n<p>Ak m\u00e1te na tomto webe \u00fa\u010det alebo ste tu pridali koment\u00e1re, m\u00f4\u017eete po\u017eiada\u0165 o prijatie s\u00faboru s exportom osobn\u00fdch \u00fadajov, ktor\u00e9 o v\u00e1s uchov\u00e1vame, vr\u00e1tane v\u0161etk\u00fdch \u00fadajov, ktor\u00e9 ste n\u00e1m poskytli. M\u00f4\u017eete tie\u017e po\u017eiada\u0165 o odstr\u00e1nenie v\u0161etk\u00fdch osobn\u00fdch \u00fadajov, ktor\u00e9 o v\u00e1s uchov\u00e1vame. T\u00e1to mo\u017enos\u0165 nezah\u0155\u0148a \u00fadaje, ktor\u00e9 sme povinn\u00ed uchov\u00e1va\u0165 z administrat\u00edvnych, pr\u00e1vnych alebo bezpe\u010dnostn\u00fdch d\u00f4vodov.<\/p>\n\n\n\n<p>Pokia\u013e budete so spracovan\u00edm osobn\u00fdch \u00fadajov nespokojn\u00ed, m\u00f4\u017eete vznies\u0165 n\u00e1mietku. Va\u0161e osobn\u00e9 \u00fadaje v takom pr\u00edpade nebudeme na dan\u00fd \u00fa\u010del spracov\u00e1va\u0165, pokia\u013e v\u0161ak nebudeme ma\u0165 z\u00e1va\u017en\u00e9 a opr\u00e1vnen\u00e9 d\u00f4vody na to, aby sme v takomto spracovan\u00ed pokra\u010dovali.<\/p>\n\n\n\n<h3 class=\"wp-block-heading\"><strong>Kde n\u00e1s m\u016f\u017eete kontaktovat?<\/strong><\/h3>\n\n\n\n<p>V pr\u00edpade ak\u00e9hoko\u013evek dotazu o ochrane osobn\u00fdch \u00fadajov a vyu\u017eit\u00ed svojich pr\u00e1v n\u00e1s kontaktujte na e-maile: <a href=\"mailto:gdpr@mobilboard.cz\">gdpr@mobilboard.cz<\/a> alebo p\u00edsomne \u200b\u200bna adrese: MOBILBOARD s.r.o., Mostn\u00ed 5552, 760 01 Zl\u00edn.<br>V tejto s\u00favislosti by sme v\u00e1s chceli upozorni\u0165, \u017ee m\u00f4\u017eeme chcie\u0165, aby ste n\u00e1m vhodn\u00fdm sp\u00f4sobom preuk\u00e1zali va\u0161u toto\u017enos\u0165, aby sme si mohli overi\u0165 va\u0161u identitu. Ide o prevent\u00edvne bezpe\u010dnostn\u00e9 opatrenia, aby sme zamedzili pr\u00edstupu neopr\u00e1vnen\u00fdch os\u00f4b k va\u0161im osobn\u00fdm \u00fadajom.<\/p>\n\n\n\n<p><strong>Posledn\u00e1 aktualiz\u00e1cia: 1. 1. 2025<\/strong><\/p>\n\n\n\n<p><\/p>\n","protected":false},"excerpt":{"rendered":"<p>V TOMTO DOKUMENTE N\u00c1JDETE Z\u00c1KLADN\u00c9 PRINC\u00cdPY OCHRANY OSOBN\u00ddCH \u00daDAJOV A PREH\u013dAD O SPRACOV\u00c1VAN\u00ddCH \u00daDAJOCH NA\u0160ICH Z\u00c1KAZN\u00cdKOV\/POTENCI\u00c1LNYCH Z\u00c1KAZN\u00cdKOV. Kto spravuje a spracov\u00e1va va\u0161e \u00fadaje? Web&nbsp;www.wifivmhd.cz&nbsp;je prev\u00e1dzkovan\u00fd spolo\u010dnos\u0165ou MOBILBOARD s.r.o., I\u010cO: 26976056, so s\u00eddlom Mostn\u00ed 5552, 760 01 Zl\u00edn, zap\u00edsan\u00e1 v obchodnom registri vedenom na Krajskom s\u00fade v Brne, oddiel C, 49320. Na ak\u00e9 \u00fa\u010dely va\u0161e osobn\u00e9 [&hellip;]<\/p>\n","protected":false},"author":1,"featured_media":2283,"parent":0,"menu_order":0,"comment_status":"closed","ping_status":"open","template":"","meta":{"_acf_changed":false,"footnotes":""},"class_list":["post-3291","page","type-page","status-publish","has-post-thumbnail","hentry"],"acf":[],"yoast_head":"<!-- This site is optimized with the Yoast SEO plugin v27.3 - https:\/\/yoast.com\/product\/yoast-seo-wordpress\/ -->\n<title>Z\u00e1sady ochrany osobn\u00fdch \u00fadajov MOBILBOARD - Wi-Fi v MHD<\/title>\n<meta name=\"description\" content=\"Ochranu Va\u0161ich osobn\u00fdch \u00fadajov berieme v\u00e1\u017ene. Preto rob\u00edme maximum, aby va\u0161e uveden\u00e9 osobn\u00e9 \u00fadaje boli u n\u00e1s v bezpe\u010d\u00ed.\" \/>\n<meta name=\"robots\" content=\"index, follow, max-snippet:-1, max-image-preview:large, max-video-preview:-1\" \/>\n<link rel=\"canonical\" href=\"https:\/\/www.wifivmhd.cz\/sk\/ochrana-osobnych-udajov\/\" \/>\n<meta property=\"og:locale\" content=\"sk_SK\" \/>\n<meta property=\"og:type\" content=\"article\" \/>\n<meta property=\"og:title\" content=\"Z\u00e1sady ochrany osobn\u00fdch \u00fadajov MOBILBOARD - Wi-Fi v MHD\" \/>\n<meta property=\"og:description\" content=\"Ochranu Va\u0161ich osobn\u00fdch \u00fadajov berieme v\u00e1\u017ene. Preto rob\u00edme maximum, aby va\u0161e uveden\u00e9 osobn\u00e9 \u00fadaje boli u n\u00e1s v bezpe\u010d\u00ed.\" \/>\n<meta property=\"og:url\" content=\"https:\/\/www.wifivmhd.cz\/sk\/ochrana-osobnych-udajov\/\" \/>\n<meta property=\"og:site_name\" content=\"Wi-Fi v MHD\" \/>\n<meta property=\"article:modified_time\" content=\"2025-04-01T12:48:46+00:00\" \/>\n<meta property=\"og:image\" content=\"https:\/\/www.wifivmhd.cz\/wp-content\/uploads\/2025\/01\/gdpr-slider.jpg\" \/>\n\t<meta property=\"og:image:width\" content=\"1920\" \/>\n\t<meta property=\"og:image:height\" content=\"1080\" \/>\n\t<meta property=\"og:image:type\" content=\"image\/jpeg\" \/>\n<meta name=\"twitter:card\" content=\"summary_large_image\" \/>\n<meta name=\"twitter:label1\" content=\"Predpokladan\u00fd \u010das \u010d\u00edtania\" \/>\n\t<meta name=\"twitter:data1\" content=\"7 min\u00fat\" \/>\n<script type=\"application\/ld+json\" class=\"yoast-schema-graph\">{\"@context\":\"https:\\\/\\\/schema.org\",\"@graph\":[{\"@type\":\"WebPage\",\"@id\":\"https:\\\/\\\/www.wifivmhd.cz\\\/sk\\\/ochrana-osobnych-udajov\\\/\",\"url\":\"https:\\\/\\\/www.wifivmhd.cz\\\/sk\\\/ochrana-osobnych-udajov\\\/\",\"name\":\"Z\u00e1sady ochrany osobn\u00fdch \u00fadajov MOBILBOARD - Wi-Fi v MHD\",\"isPartOf\":{\"@id\":\"https:\\\/\\\/www.wifivmhd.cz\\\/#website\"},\"primaryImageOfPage\":{\"@id\":\"https:\\\/\\\/www.wifivmhd.cz\\\/sk\\\/ochrana-osobnych-udajov\\\/#primaryimage\"},\"image\":{\"@id\":\"https:\\\/\\\/www.wifivmhd.cz\\\/sk\\\/ochrana-osobnych-udajov\\\/#primaryimage\"},\"thumbnailUrl\":\"https:\\\/\\\/www.wifivmhd.cz\\\/wp-content\\\/uploads\\\/2025\\\/01\\\/gdpr-slider.jpg\",\"datePublished\":\"2024-09-18T16:06:26+00:00\",\"dateModified\":\"2025-04-01T12:48:46+00:00\",\"description\":\"Ochranu Va\u0161ich osobn\u00fdch \u00fadajov berieme v\u00e1\u017ene. Preto rob\u00edme maximum, aby va\u0161e uveden\u00e9 osobn\u00e9 \u00fadaje boli u n\u00e1s v bezpe\u010d\u00ed.\",\"breadcrumb\":{\"@id\":\"https:\\\/\\\/www.wifivmhd.cz\\\/sk\\\/ochrana-osobnych-udajov\\\/#breadcrumb\"},\"inLanguage\":\"sk-SK\",\"potentialAction\":[{\"@type\":\"ReadAction\",\"target\":[\"https:\\\/\\\/www.wifivmhd.cz\\\/sk\\\/ochrana-osobnych-udajov\\\/\"]}]},{\"@type\":\"ImageObject\",\"inLanguage\":\"sk-SK\",\"@id\":\"https:\\\/\\\/www.wifivmhd.cz\\\/sk\\\/ochrana-osobnych-udajov\\\/#primaryimage\",\"url\":\"https:\\\/\\\/www.wifivmhd.cz\\\/wp-content\\\/uploads\\\/2025\\\/01\\\/gdpr-slider.jpg\",\"contentUrl\":\"https:\\\/\\\/www.wifivmhd.cz\\\/wp-content\\\/uploads\\\/2025\\\/01\\\/gdpr-slider.jpg\",\"width\":1920,\"height\":1080,\"caption\":\"GDPR\"},{\"@type\":\"BreadcrumbList\",\"@id\":\"https:\\\/\\\/www.wifivmhd.cz\\\/sk\\\/ochrana-osobnych-udajov\\\/#breadcrumb\",\"itemListElement\":[{\"@type\":\"ListItem\",\"position\":1,\"name\":\"Dom\u016f\",\"item\":\"https:\\\/\\\/www.wifivmhd.cz\\\/sk\\\/\"},{\"@type\":\"ListItem\",\"position\":2,\"name\":\"Z\u00e1sady ochrany osobn\u00fdch \u00fadajov MOBILBOARD\"}]},{\"@type\":\"WebSite\",\"@id\":\"https:\\\/\\\/www.wifivmhd.cz\\\/#website\",\"url\":\"https:\\\/\\\/www.wifivmhd.cz\\\/\",\"name\":\"Wi-Fi v MHD\",\"description\":\"\",\"potentialAction\":[{\"@type\":\"SearchAction\",\"target\":{\"@type\":\"EntryPoint\",\"urlTemplate\":\"https:\\\/\\\/www.wifivmhd.cz\\\/?s={search_term_string}\"},\"query-input\":{\"@type\":\"PropertyValueSpecification\",\"valueRequired\":true,\"valueName\":\"search_term_string\"}}],\"inLanguage\":\"sk-SK\"}]}<\/script>\n<!-- \/ Yoast SEO plugin. -->","yoast_head_json":{"title":"Z\u00e1sady ochrany osobn\u00fdch \u00fadajov MOBILBOARD - Wi-Fi v MHD","description":"Ochranu Va\u0161ich osobn\u00fdch \u00fadajov berieme v\u00e1\u017ene. Preto rob\u00edme maximum, aby va\u0161e uveden\u00e9 osobn\u00e9 \u00fadaje boli u n\u00e1s v bezpe\u010d\u00ed.","robots":{"index":"index","follow":"follow","max-snippet":"max-snippet:-1","max-image-preview":"max-image-preview:large","max-video-preview":"max-video-preview:-1"},"canonical":"https:\/\/www.wifivmhd.cz\/sk\/ochrana-osobnych-udajov\/","og_locale":"sk_SK","og_type":"article","og_title":"Z\u00e1sady ochrany osobn\u00fdch \u00fadajov MOBILBOARD - Wi-Fi v MHD","og_description":"Ochranu Va\u0161ich osobn\u00fdch \u00fadajov berieme v\u00e1\u017ene. Preto rob\u00edme maximum, aby va\u0161e uveden\u00e9 osobn\u00e9 \u00fadaje boli u n\u00e1s v bezpe\u010d\u00ed.","og_url":"https:\/\/www.wifivmhd.cz\/sk\/ochrana-osobnych-udajov\/","og_site_name":"Wi-Fi v MHD","article_modified_time":"2025-04-01T12:48:46+00:00","og_image":[{"width":1920,"height":1080,"url":"https:\/\/www.wifivmhd.cz\/wp-content\/uploads\/2025\/01\/gdpr-slider.jpg","type":"image\/jpeg"}],"twitter_card":"summary_large_image","twitter_misc":{"Predpokladan\u00fd \u010das \u010d\u00edtania":"7 min\u00fat"},"schema":{"@context":"https:\/\/schema.org","@graph":[{"@type":"WebPage","@id":"https:\/\/www.wifivmhd.cz\/sk\/ochrana-osobnych-udajov\/","url":"https:\/\/www.wifivmhd.cz\/sk\/ochrana-osobnych-udajov\/","name":"Z\u00e1sady ochrany osobn\u00fdch \u00fadajov MOBILBOARD - Wi-Fi v MHD","isPartOf":{"@id":"https:\/\/www.wifivmhd.cz\/#website"},"primaryImageOfPage":{"@id":"https:\/\/www.wifivmhd.cz\/sk\/ochrana-osobnych-udajov\/#primaryimage"},"image":{"@id":"https:\/\/www.wifivmhd.cz\/sk\/ochrana-osobnych-udajov\/#primaryimage"},"thumbnailUrl":"https:\/\/www.wifivmhd.cz\/wp-content\/uploads\/2025\/01\/gdpr-slider.jpg","datePublished":"2024-09-18T16:06:26+00:00","dateModified":"2025-04-01T12:48:46+00:00","description":"Ochranu Va\u0161ich osobn\u00fdch \u00fadajov berieme v\u00e1\u017ene. Preto rob\u00edme maximum, aby va\u0161e uveden\u00e9 osobn\u00e9 \u00fadaje boli u n\u00e1s v bezpe\u010d\u00ed.","breadcrumb":{"@id":"https:\/\/www.wifivmhd.cz\/sk\/ochrana-osobnych-udajov\/#breadcrumb"},"inLanguage":"sk-SK","potentialAction":[{"@type":"ReadAction","target":["https:\/\/www.wifivmhd.cz\/sk\/ochrana-osobnych-udajov\/"]}]},{"@type":"ImageObject","inLanguage":"sk-SK","@id":"https:\/\/www.wifivmhd.cz\/sk\/ochrana-osobnych-udajov\/#primaryimage","url":"https:\/\/www.wifivmhd.cz\/wp-content\/uploads\/2025\/01\/gdpr-slider.jpg","contentUrl":"https:\/\/www.wifivmhd.cz\/wp-content\/uploads\/2025\/01\/gdpr-slider.jpg","width":1920,"height":1080,"caption":"GDPR"},{"@type":"BreadcrumbList","@id":"https:\/\/www.wifivmhd.cz\/sk\/ochrana-osobnych-udajov\/#breadcrumb","itemListElement":[{"@type":"ListItem","position":1,"name":"Dom\u016f","item":"https:\/\/www.wifivmhd.cz\/sk\/"},{"@type":"ListItem","position":2,"name":"Z\u00e1sady ochrany osobn\u00fdch \u00fadajov MOBILBOARD"}]},{"@type":"WebSite","@id":"https:\/\/www.wifivmhd.cz\/#website","url":"https:\/\/www.wifivmhd.cz\/","name":"Wi-Fi v MHD","description":"","potentialAction":[{"@type":"SearchAction","target":{"@type":"EntryPoint","urlTemplate":"https:\/\/www.wifivmhd.cz\/?s={search_term_string}"},"query-input":{"@type":"PropertyValueSpecification","valueRequired":true,"valueName":"search_term_string"}}],"inLanguage":"sk-SK"}]}},"_links":{"self":[{"href":"https:\/\/www.wifivmhd.cz\/sk\/wp-json\/wp\/v2\/pages\/3291","targetHints":{"allow":["GET"]}}],"collection":[{"href":"https:\/\/www.wifivmhd.cz\/sk\/wp-json\/wp\/v2\/pages"}],"about":[{"href":"https:\/\/www.wifivmhd.cz\/sk\/wp-json\/wp\/v2\/types\/page"}],"author":[{"embeddable":true,"href":"https:\/\/www.wifivmhd.cz\/sk\/wp-json\/wp\/v2\/users\/1"}],"replies":[{"embeddable":true,"href":"https:\/\/www.wifivmhd.cz\/sk\/wp-json\/wp\/v2\/comments?post=3291"}],"version-history":[{"count":4,"href":"https:\/\/www.wifivmhd.cz\/sk\/wp-json\/wp\/v2\/pages\/3291\/revisions"}],"predecessor-version":[{"id":3620,"href":"https:\/\/www.wifivmhd.cz\/sk\/wp-json\/wp\/v2\/pages\/3291\/revisions\/3620"}],"wp:featuredmedia":[{"embeddable":true,"href":"https:\/\/www.wifivmhd.cz\/sk\/wp-json\/wp\/v2\/media\/2283"}],"wp:attachment":[{"href":"https:\/\/www.wifivmhd.cz\/sk\/wp-json\/wp\/v2\/media?parent=3291"}],"curies":[{"name":"wp","href":"https:\/\/api.w.org\/{rel}","templated":true}]}}